{"id":35,"date":"2022-05-04T14:39:30","date_gmt":"2022-05-04T14:39:30","guid":{"rendered":"https:\/\/realhelp.hu\/?page_id=35"},"modified":"2024-07-27T13:27:23","modified_gmt":"2024-07-27T13:27:23","slug":"adozasi-es-illetekfizetesi-tanacsadas","status":"publish","type":"page","link":"https:\/\/realhelp.hu\/en\/adozasi-es-illetekfizetesi-tanacsadas\/","title":{"rendered":"Tax and duty payment advice"},"content":{"rendered":"<div data-elementor-type=\"wp-post\" data-elementor-id=\"35\" class=\"elementor elementor-35\">\n\t\t\t\t\t\t<section class=\"elementor-section elementor-top-section elementor-element elementor-element-53ab5af1 head-height elementor-section-boxed elementor-section-height-default elementor-section-height-default\" data-id=\"53ab5af1\" data-element_type=\"section\" data-e-type=\"section\" data-settings=\"{&quot;background_background&quot;:&quot;classic&quot;}\">\n\t\t\t\t\t\t\t<div class=\"elementor-background-overlay\"><\/div>\n\t\t\t\t\t\t\t<div class=\"elementor-container elementor-column-gap-default\">\n\t\t\t\t\t<div class=\"elementor-column elementor-col-100 elementor-top-column elementor-element elementor-element-1341555b\" data-id=\"1341555b\" data-element_type=\"column\" data-e-type=\"column\">\n\t\t\t<div class=\"elementor-widget-wrap elementor-element-populated\">\n\t\t\t\t\t\t<div class=\"elementor-element elementor-element-7e3f0b50 elementor-invisible elementor-widget elementor-widget-heading\" data-id=\"7e3f0b50\" data-element_type=\"widget\" data-e-type=\"widget\" data-settings=\"{&quot;_animation&quot;:&quot;fadeIn&quot;}\" data-widget_type=\"heading.default\">\n\t\t\t\t\t<h2 class=\"elementor-heading-title elementor-size-default\">Tax and duty payment advice<\/h2>\t\t\t\t<\/div>\n\t\t\t\t\t<\/div>\n\t\t<\/div>\n\t\t\t\t\t<\/div>\n\t\t<\/section>\n\t\t\t\t<section class=\"elementor-section elementor-top-section elementor-element elementor-element-165490b0 elementor-section-boxed elementor-section-height-default elementor-section-height-default\" data-id=\"165490b0\" data-element_type=\"section\" data-e-type=\"section\" data-settings=\"{&quot;background_background&quot;:&quot;classic&quot;}\">\n\t\t\t\t\t\t<div class=\"elementor-container elementor-column-gap-wider\">\n\t\t\t\t\t<div class=\"elementor-column elementor-col-100 elementor-top-column elementor-element elementor-element-c99cbf7\" data-id=\"c99cbf7\" data-element_type=\"column\" data-e-type=\"column\">\n\t\t\t<div class=\"elementor-widget-wrap elementor-element-populated\">\n\t\t\t\t\t\t<div class=\"elementor-element elementor-element-3e34905 elementor-widget elementor-widget-image\" data-id=\"3e34905\" data-element_type=\"widget\" data-e-type=\"widget\" data-widget_type=\"image.default\">\n\t\t\t\t\t\t\t\t\t\t\t\t\t\t\t<img decoding=\"async\" width=\"150\" height=\"150\" src=\"https:\/\/realhelp.hu\/wp-content\/uploads\/2022\/04\/10-150x150.png\" class=\"attachment-thumbnail size-thumbnail wp-image-722\" alt=\"\" \/>\t\t\t\t\t\t\t\t\t\t\t\t\t\t\t<\/div>\n\t\t\t\t<div class=\"elementor-element elementor-element-64772837 elementor-invisible elementor-widget elementor-widget-text-editor\" data-id=\"64772837\" data-element_type=\"widget\" data-e-type=\"widget\" data-settings=\"{&quot;_animation&quot;:&quot;fadeInUp&quot;,&quot;_animation_delay&quot;:400}\" data-widget_type=\"text-editor.default\">\n\t\t\t\t\t\t\t\t\t<p><span style=\"font-weight: 400;\">Real estate transactions, such as buying, selling, gifting, exchanging, etc., may raise a number of legal and tax issues, including the possibility of taking advantage of the most favourable opportunities and discounts. Our law firm also provides full information to our clients on tax issues arising in real estate transactions.<\/span><\/p>\t\t\t\t\t\t\t\t<\/div>\n\t\t\t\t\t<\/div>\n\t\t<\/div>\n\t\t\t\t\t<\/div>\n\t\t<\/section>\n\t\t\t\t<section class=\"elementor-section elementor-top-section elementor-element elementor-element-420abb4c elementor-section-boxed elementor-section-height-default elementor-section-height-default\" data-id=\"420abb4c\" data-element_type=\"section\" data-e-type=\"section\">\n\t\t\t\t\t\t<div class=\"elementor-container elementor-column-gap-default\">\n\t\t\t\t\t<div class=\"elementor-column elementor-col-100 elementor-top-column elementor-element elementor-element-7aba5484\" data-id=\"7aba5484\" data-element_type=\"column\" data-e-type=\"column\">\n\t\t\t<div class=\"elementor-widget-wrap\">\n\t\t\t\t\t\t\t<\/div>\n\t\t<\/div>\n\t\t\t\t\t<\/div>\n\t\t<\/section>\n\t\t\t\t<section class=\"elementor-section elementor-top-section elementor-element elementor-element-330b09d2 elementor-section-boxed elementor-section-height-default elementor-section-height-default\" data-id=\"330b09d2\" data-element_type=\"section\" data-e-type=\"section\" data-settings=\"{&quot;background_background&quot;:&quot;classic&quot;}\">\n\t\t\t\t\t\t\t<div class=\"elementor-background-overlay\"><\/div>\n\t\t\t\t\t\t\t<div class=\"elementor-container elementor-column-gap-default\">\n\t\t\t\t\t<div class=\"elementor-column elementor-col-50 elementor-top-column elementor-element elementor-element-29012f96\" data-id=\"29012f96\" data-element_type=\"column\" data-e-type=\"column\">\n\t\t\t<div class=\"elementor-widget-wrap elementor-element-populated\">\n\t\t\t\t\t\t<div class=\"elementor-element elementor-element-445b65cd elementor-invisible elementor-widget elementor-widget-heading\" data-id=\"445b65cd\" data-element_type=\"widget\" data-e-type=\"widget\" data-settings=\"{&quot;_animation&quot;:&quot;fadeInUp&quot;,&quot;_animation_delay&quot;:200}\" data-widget_type=\"heading.default\">\n\t\t\t\t\t<h2 class=\"elementor-heading-title elementor-size-default\">Contact us with confidence!<\/h2>\t\t\t\t<\/div>\n\t\t\t\t<div class=\"elementor-element elementor-element-589c4ba elementor-widget-divider--view-line elementor-invisible elementor-widget elementor-widget-divider\" data-id=\"589c4ba\" data-element_type=\"widget\" data-e-type=\"widget\" data-settings=\"{&quot;_animation&quot;:&quot;fadeInLeft&quot;,&quot;_animation_delay&quot;:400}\" data-widget_type=\"divider.default\">\n\t\t\t\t\t\t\t<div class=\"elementor-divider\">\n\t\t\t<span class=\"elementor-divider-separator\">\n\t\t\t\t\t\t<\/span>\n\t\t<\/div>\n\t\t\t\t\t\t<\/div>\n\t\t\t\t<div class=\"elementor-element elementor-element-7d560698 elementor-invisible elementor-widget elementor-widget-text-editor\" data-id=\"7d560698\" data-element_type=\"widget\" data-e-type=\"widget\" data-settings=\"{&quot;_animation&quot;:&quot;fadeInLeft&quot;,&quot;_animation_delay&quot;:600}\" data-widget_type=\"text-editor.default\">\n\t\t\t\t\t\t\t\t\t<p>Fill in the form on the right and our staff will contact you as soon as possible. We look forward to receiving your application!<\/p>\t\t\t\t\t\t\t\t<\/div>\n\t\t\t\t\t<\/div>\n\t\t<\/div>\n\t\t\t\t<div class=\"elementor-column elementor-col-50 elementor-top-column elementor-element elementor-element-70b2e968\" data-id=\"70b2e968\" data-element_type=\"column\" data-e-type=\"column\" data-settings=\"{&quot;background_background&quot;:&quot;classic&quot;}\">\n\t\t\t<div class=\"elementor-widget-wrap\">\n\t\t\t\t\t\t\t<\/div>\n\t\t<\/div>\n\t\t\t\t\t<\/div>\n\t\t<\/section>\n\t\t\t\t<\/div>","protected":false},"excerpt":{"rendered":"<p>Ad\u00f3z\u00e1si \u00e9s illet\u00e9kfizet\u00e9si tan\u00e1csad\u00e1s Az ingatlan\u00fcgyletek, \u00fagy, mint v\u00e1s\u00e1rl\u00e1s, elad\u00e1s, aj\u00e1nd\u00e9koz\u00e1s, csere stb. kapcs\u00e1n sz\u00e1mos jogi \u00e9s ad\u00f3z\u00e1si k\u00e9rd\u00e9s mer\u00fclhet fel, bele\u00e9rtve az \u00d6n sz\u00e1m\u00e1ra legkedvez\u0151bb lehet\u0151s\u00e9gek, kedvezm\u00e9nyek kihaszn\u00e1l\u00e1s\u00e1nak a lehet\u0151s\u00e9g\u00e9t is. \u00dcgyv\u00e9di irod\u00e1nk az ingatlan\u00fcgyletek sor\u00e1n felmer\u00fcl\u0151 ad\u00f3z\u00e1si k\u00e9rd\u00e9sek kapcs\u00e1n is teljes k\u00f6r\u0171 t\u00e1j\u00e9koztat\u00e1st ny\u00fajt az \u00dcgyfelei r\u00e9sz\u00e9re. L\u00c9PJEN VEL\u00dcNK KAPCSOLATBA! Kattintson ide! Forduljon [&hellip;]<\/p>\n","protected":false},"author":1,"featured_media":0,"parent":0,"menu_order":0,"comment_status":"closed","ping_status":"closed","template":"elementor_header_footer","meta":{"footnotes":""},"class_list":["post-35","page","type-page","status-publish","hentry"],"yoast_head":"<!-- This site is optimized with the Yoast SEO plugin v27.3 - https:\/\/yoast.com\/product\/yoast-seo-wordpress\/ -->\n<title>Ad\u00f3z\u00e1si \u00e9s illet\u00e9kfizet\u00e9si tan\u00e1csad\u00e1s - Realhelp<\/title>\n<meta name=\"robots\" content=\"index, follow, max-snippet:-1, max-image-preview:large, max-video-preview:-1\" \/>\n<link rel=\"canonical\" href=\"https:\/\/realhelp.hu\/en\/adozasi-es-illetekfizetesi-tanacsadas\/\" \/>\n<meta property=\"og:locale\" content=\"en_GB\" \/>\n<meta property=\"og:type\" content=\"article\" \/>\n<meta property=\"og:title\" content=\"Ad\u00f3z\u00e1si \u00e9s illet\u00e9kfizet\u00e9si tan\u00e1csad\u00e1s - Realhelp\" \/>\n<meta property=\"og:description\" content=\"Ad\u00f3z\u00e1si \u00e9s illet\u00e9kfizet\u00e9si tan\u00e1csad\u00e1s Az ingatlan\u00fcgyletek, \u00fagy, mint v\u00e1s\u00e1rl\u00e1s, elad\u00e1s, aj\u00e1nd\u00e9koz\u00e1s, csere stb. kapcs\u00e1n sz\u00e1mos jogi \u00e9s ad\u00f3z\u00e1si k\u00e9rd\u00e9s mer\u00fclhet fel, bele\u00e9rtve az \u00d6n sz\u00e1m\u00e1ra legkedvez\u0151bb lehet\u0151s\u00e9gek, kedvezm\u00e9nyek kihaszn\u00e1l\u00e1s\u00e1nak a lehet\u0151s\u00e9g\u00e9t is. \u00dcgyv\u00e9di irod\u00e1nk az ingatlan\u00fcgyletek sor\u00e1n felmer\u00fcl\u0151 ad\u00f3z\u00e1si k\u00e9rd\u00e9sek kapcs\u00e1n is teljes k\u00f6r\u0171 t\u00e1j\u00e9koztat\u00e1st ny\u00fajt az \u00dcgyfelei r\u00e9sz\u00e9re. L\u00c9PJEN VEL\u00dcNK KAPCSOLATBA! Kattintson ide! Forduljon [&hellip;]\" \/>\n<meta property=\"og:url\" content=\"https:\/\/realhelp.hu\/en\/adozasi-es-illetekfizetesi-tanacsadas\/\" \/>\n<meta property=\"og:site_name\" content=\"Realhelp\" \/>\n<meta property=\"article:modified_time\" content=\"2024-07-27T13:27:23+00:00\" \/>\n<meta property=\"og:image\" content=\"https:\/\/realhelp.hu\/wp-content\/uploads\/2022\/04\/10-150x150.png\" \/>\n<meta name=\"twitter:card\" content=\"summary_large_image\" \/>\n<meta name=\"twitter:label1\" content=\"Estimated reading time\" \/>\n\t<meta name=\"twitter:data1\" content=\"2 minutes\" \/>\n<script type=\"application\/ld+json\" class=\"yoast-schema-graph\">{\"@context\":\"https:\\\/\\\/schema.org\",\"@graph\":[{\"@type\":\"WebPage\",\"@id\":\"https:\\\/\\\/realhelp.hu\\\/adozasi-es-illetekfizetesi-tanacsadas\\\/\",\"url\":\"https:\\\/\\\/realhelp.hu\\\/adozasi-es-illetekfizetesi-tanacsadas\\\/\",\"name\":\"Ad\u00f3z\u00e1si \u00e9s illet\u00e9kfizet\u00e9si tan\u00e1csad\u00e1s - Realhelp\",\"isPartOf\":{\"@id\":\"https:\\\/\\\/realhelp.hu\\\/#website\"},\"primaryImageOfPage\":{\"@id\":\"https:\\\/\\\/realhelp.hu\\\/adozasi-es-illetekfizetesi-tanacsadas\\\/#primaryimage\"},\"image\":{\"@id\":\"https:\\\/\\\/realhelp.hu\\\/adozasi-es-illetekfizetesi-tanacsadas\\\/#primaryimage\"},\"thumbnailUrl\":\"https:\\\/\\\/realhelp.hu\\\/wp-content\\\/uploads\\\/2022\\\/04\\\/10-150x150.png\",\"datePublished\":\"2022-05-04T14:39:30+00:00\",\"dateModified\":\"2024-07-27T13:27:23+00:00\",\"breadcrumb\":{\"@id\":\"https:\\\/\\\/realhelp.hu\\\/adozasi-es-illetekfizetesi-tanacsadas\\\/#breadcrumb\"},\"inLanguage\":\"en-GB\",\"potentialAction\":[{\"@type\":\"ReadAction\",\"target\":[\"https:\\\/\\\/realhelp.hu\\\/adozasi-es-illetekfizetesi-tanacsadas\\\/\"]}]},{\"@type\":\"ImageObject\",\"inLanguage\":\"en-GB\",\"@id\":\"https:\\\/\\\/realhelp.hu\\\/adozasi-es-illetekfizetesi-tanacsadas\\\/#primaryimage\",\"url\":\"https:\\\/\\\/realhelp.hu\\\/wp-content\\\/uploads\\\/2022\\\/04\\\/10-150x150.png\",\"contentUrl\":\"https:\\\/\\\/realhelp.hu\\\/wp-content\\\/uploads\\\/2022\\\/04\\\/10-150x150.png\"},{\"@type\":\"BreadcrumbList\",\"@id\":\"https:\\\/\\\/realhelp.hu\\\/adozasi-es-illetekfizetesi-tanacsadas\\\/#breadcrumb\",\"itemListElement\":[{\"@type\":\"ListItem\",\"position\":1,\"name\":\"Kezd\u0151lap\",\"item\":\"https:\\\/\\\/realhelp.hu\\\/\"},{\"@type\":\"ListItem\",\"position\":2,\"name\":\"Ad\u00f3z\u00e1si \u00e9s illet\u00e9kfizet\u00e9si tan\u00e1csad\u00e1s\"}]},{\"@type\":\"WebSite\",\"@id\":\"https:\\\/\\\/realhelp.hu\\\/#website\",\"url\":\"https:\\\/\\\/realhelp.hu\\\/\",\"name\":\"Realhelp\",\"description\":\"Lak\u00e1skezel\u00e9s fels\u0151fokon\",\"publisher\":{\"@id\":\"https:\\\/\\\/realhelp.hu\\\/#organization\"},\"potentialAction\":[{\"@type\":\"SearchAction\",\"target\":{\"@type\":\"EntryPoint\",\"urlTemplate\":\"https:\\\/\\\/realhelp.hu\\\/?s={search_term_string}\"},\"query-input\":{\"@type\":\"PropertyValueSpecification\",\"valueRequired\":true,\"valueName\":\"search_term_string\"}}],\"inLanguage\":\"en-GB\"},{\"@type\":\"Organization\",\"@id\":\"https:\\\/\\\/realhelp.hu\\\/#organization\",\"name\":\"Realhelp\",\"url\":\"https:\\\/\\\/realhelp.hu\\\/\",\"logo\":{\"@type\":\"ImageObject\",\"inLanguage\":\"en-GB\",\"@id\":\"https:\\\/\\\/realhelp.hu\\\/#\\\/schema\\\/logo\\\/image\\\/\",\"url\":\"https:\\\/\\\/realhelp.hu\\\/wp-content\\\/uploads\\\/2022\\\/04\\\/RealHelp_logo_Horizontal_BWinvers_opt.png\",\"contentUrl\":\"https:\\\/\\\/realhelp.hu\\\/wp-content\\\/uploads\\\/2022\\\/04\\\/RealHelp_logo_Horizontal_BWinvers_opt.png\",\"width\":307,\"height\":103,\"caption\":\"Realhelp\"},\"image\":{\"@id\":\"https:\\\/\\\/realhelp.hu\\\/#\\\/schema\\\/logo\\\/image\\\/\"}}]}<\/script>\n<!-- \/ Yoast SEO plugin. -->","yoast_head_json":{"title":"Ad\u00f3z\u00e1si \u00e9s illet\u00e9kfizet\u00e9si tan\u00e1csad\u00e1s - Realhelp","robots":{"index":"index","follow":"follow","max-snippet":"max-snippet:-1","max-image-preview":"max-image-preview:large","max-video-preview":"max-video-preview:-1"},"canonical":"https:\/\/realhelp.hu\/en\/adozasi-es-illetekfizetesi-tanacsadas\/","og_locale":"en_GB","og_type":"article","og_title":"Ad\u00f3z\u00e1si \u00e9s illet\u00e9kfizet\u00e9si tan\u00e1csad\u00e1s - Realhelp","og_description":"Ad\u00f3z\u00e1si \u00e9s illet\u00e9kfizet\u00e9si tan\u00e1csad\u00e1s Az ingatlan\u00fcgyletek, \u00fagy, mint v\u00e1s\u00e1rl\u00e1s, elad\u00e1s, aj\u00e1nd\u00e9koz\u00e1s, csere stb. kapcs\u00e1n sz\u00e1mos jogi \u00e9s ad\u00f3z\u00e1si k\u00e9rd\u00e9s mer\u00fclhet fel, bele\u00e9rtve az \u00d6n sz\u00e1m\u00e1ra legkedvez\u0151bb lehet\u0151s\u00e9gek, kedvezm\u00e9nyek kihaszn\u00e1l\u00e1s\u00e1nak a lehet\u0151s\u00e9g\u00e9t is. \u00dcgyv\u00e9di irod\u00e1nk az ingatlan\u00fcgyletek sor\u00e1n felmer\u00fcl\u0151 ad\u00f3z\u00e1si k\u00e9rd\u00e9sek kapcs\u00e1n is teljes k\u00f6r\u0171 t\u00e1j\u00e9koztat\u00e1st ny\u00fajt az \u00dcgyfelei r\u00e9sz\u00e9re. L\u00c9PJEN VEL\u00dcNK KAPCSOLATBA! Kattintson ide! Forduljon [&hellip;]","og_url":"https:\/\/realhelp.hu\/en\/adozasi-es-illetekfizetesi-tanacsadas\/","og_site_name":"Realhelp","article_modified_time":"2024-07-27T13:27:23+00:00","og_image":[{"url":"https:\/\/realhelp.hu\/wp-content\/uploads\/2022\/04\/10-150x150.png","type":"","width":"","height":""}],"twitter_card":"summary_large_image","twitter_misc":{"Estimated reading time":"2 minutes"},"schema":{"@context":"https:\/\/schema.org","@graph":[{"@type":"WebPage","@id":"https:\/\/realhelp.hu\/adozasi-es-illetekfizetesi-tanacsadas\/","url":"https:\/\/realhelp.hu\/adozasi-es-illetekfizetesi-tanacsadas\/","name":"Ad\u00f3z\u00e1si \u00e9s illet\u00e9kfizet\u00e9si tan\u00e1csad\u00e1s - Realhelp","isPartOf":{"@id":"https:\/\/realhelp.hu\/#website"},"primaryImageOfPage":{"@id":"https:\/\/realhelp.hu\/adozasi-es-illetekfizetesi-tanacsadas\/#primaryimage"},"image":{"@id":"https:\/\/realhelp.hu\/adozasi-es-illetekfizetesi-tanacsadas\/#primaryimage"},"thumbnailUrl":"https:\/\/realhelp.hu\/wp-content\/uploads\/2022\/04\/10-150x150.png","datePublished":"2022-05-04T14:39:30+00:00","dateModified":"2024-07-27T13:27:23+00:00","breadcrumb":{"@id":"https:\/\/realhelp.hu\/adozasi-es-illetekfizetesi-tanacsadas\/#breadcrumb"},"inLanguage":"en-GB","potentialAction":[{"@type":"ReadAction","target":["https:\/\/realhelp.hu\/adozasi-es-illetekfizetesi-tanacsadas\/"]}]},{"@type":"ImageObject","inLanguage":"en-GB","@id":"https:\/\/realhelp.hu\/adozasi-es-illetekfizetesi-tanacsadas\/#primaryimage","url":"https:\/\/realhelp.hu\/wp-content\/uploads\/2022\/04\/10-150x150.png","contentUrl":"https:\/\/realhelp.hu\/wp-content\/uploads\/2022\/04\/10-150x150.png"},{"@type":"BreadcrumbList","@id":"https:\/\/realhelp.hu\/adozasi-es-illetekfizetesi-tanacsadas\/#breadcrumb","itemListElement":[{"@type":"ListItem","position":1,"name":"Kezd\u0151lap","item":"https:\/\/realhelp.hu\/"},{"@type":"ListItem","position":2,"name":"Ad\u00f3z\u00e1si \u00e9s illet\u00e9kfizet\u00e9si tan\u00e1csad\u00e1s"}]},{"@type":"WebSite","@id":"https:\/\/realhelp.hu\/#website","url":"https:\/\/realhelp.hu\/","name":"Realhelp","description":"Lak\u00e1skezel\u00e9s fels\u0151fokon","publisher":{"@id":"https:\/\/realhelp.hu\/#organization"},"potentialAction":[{"@type":"SearchAction","target":{"@type":"EntryPoint","urlTemplate":"https:\/\/realhelp.hu\/?s={search_term_string}"},"query-input":{"@type":"PropertyValueSpecification","valueRequired":true,"valueName":"search_term_string"}}],"inLanguage":"en-GB"},{"@type":"Organization","@id":"https:\/\/realhelp.hu\/#organization","name":"Realhelp","url":"https:\/\/realhelp.hu\/","logo":{"@type":"ImageObject","inLanguage":"en-GB","@id":"https:\/\/realhelp.hu\/#\/schema\/logo\/image\/","url":"https:\/\/realhelp.hu\/wp-content\/uploads\/2022\/04\/RealHelp_logo_Horizontal_BWinvers_opt.png","contentUrl":"https:\/\/realhelp.hu\/wp-content\/uploads\/2022\/04\/RealHelp_logo_Horizontal_BWinvers_opt.png","width":307,"height":103,"caption":"Realhelp"},"image":{"@id":"https:\/\/realhelp.hu\/#\/schema\/logo\/image\/"}}]}},"_links":{"self":[{"href":"https:\/\/realhelp.hu\/en\/wp-json\/wp\/v2\/pages\/35","targetHints":{"allow":["GET"]}}],"collection":[{"href":"https:\/\/realhelp.hu\/en\/wp-json\/wp\/v2\/pages"}],"about":[{"href":"https:\/\/realhelp.hu\/en\/wp-json\/wp\/v2\/types\/page"}],"author":[{"embeddable":true,"href":"https:\/\/realhelp.hu\/en\/wp-json\/wp\/v2\/users\/1"}],"replies":[{"embeddable":true,"href":"https:\/\/realhelp.hu\/en\/wp-json\/wp\/v2\/comments?post=35"}],"version-history":[{"count":0,"href":"https:\/\/realhelp.hu\/en\/wp-json\/wp\/v2\/pages\/35\/revisions"}],"wp:attachment":[{"href":"https:\/\/realhelp.hu\/en\/wp-json\/wp\/v2\/media?parent=35"}],"curies":[{"name":"wp","href":"https:\/\/api.w.org\/{rel}","templated":true}]}}