{"id":206,"date":"2022-04-24T10:23:23","date_gmt":"2022-04-24T10:23:23","guid":{"rendered":"https:\/\/realhelp.hu\/?page_id=206"},"modified":"2024-07-27T13:09:28","modified_gmt":"2024-07-27T13:09:28","slug":"kinek-ajanljuk","status":"publish","type":"page","link":"https:\/\/realhelp.hu\/en\/kinek-ajanljuk\/","title":{"rendered":"Who do we recommend our services to?"},"content":{"rendered":"<div data-elementor-type=\"wp-page\" data-elementor-id=\"206\" class=\"elementor elementor-206\">\n\t\t\t\t\t\t<section class=\"elementor-section elementor-top-section elementor-element elementor-element-7d0a63c7 head-height elementor-section-boxed elementor-section-height-default elementor-section-height-default\" data-id=\"7d0a63c7\" data-element_type=\"section\" data-e-type=\"section\" data-settings=\"{&quot;background_background&quot;:&quot;classic&quot;}\">\n\t\t\t\t\t\t\t<div class=\"elementor-background-overlay\"><\/div>\n\t\t\t\t\t\t\t<div class=\"elementor-container elementor-column-gap-default\">\n\t\t\t\t\t<div class=\"elementor-column elementor-col-100 elementor-top-column elementor-element elementor-element-37a11ba1\" data-id=\"37a11ba1\" data-element_type=\"column\" data-e-type=\"column\">\n\t\t\t<div class=\"elementor-widget-wrap elementor-element-populated\">\n\t\t\t\t\t\t<div class=\"elementor-element elementor-element-2a85a04b elementor-invisible elementor-widget elementor-widget-heading\" data-id=\"2a85a04b\" data-element_type=\"widget\" data-e-type=\"widget\" data-settings=\"{&quot;_animation&quot;:&quot;fadeIn&quot;}\" data-widget_type=\"heading.default\">\n\t\t\t\t\t<h2 class=\"elementor-heading-title elementor-size-default\">Who do we recommend our services to?<\/h2>\t\t\t\t<\/div>\n\t\t\t\t\t<\/div>\n\t\t<\/div>\n\t\t\t\t\t<\/div>\n\t\t<\/section>\n\t\t\t\t<section class=\"elementor-section elementor-top-section elementor-element elementor-element-3676059a elementor-reverse-mobile elementor-section-boxed elementor-section-height-default elementor-section-height-default\" data-id=\"3676059a\" data-element_type=\"section\" data-e-type=\"section\">\n\t\t\t\t\t\t<div class=\"elementor-container elementor-column-gap-wider\">\n\t\t\t\t\t<div class=\"elementor-column elementor-col-50 elementor-top-column elementor-element elementor-element-2958ae5d elementor-invisible\" data-id=\"2958ae5d\" data-element_type=\"column\" data-e-type=\"column\" data-settings=\"{&quot;background_background&quot;:&quot;classic&quot;,&quot;animation&quot;:&quot;fadeInRight&quot;,&quot;animation_delay&quot;:400}\">\n\t\t\t<div class=\"elementor-widget-wrap elementor-element-populated\">\n\t\t\t\t\t\t<div class=\"elementor-element elementor-element-44f2caaa elementor-widget elementor-widget-spacer\" data-id=\"44f2caaa\" data-element_type=\"widget\" data-e-type=\"widget\" data-widget_type=\"spacer.default\">\n\t\t\t\t\t\t\t<div class=\"elementor-spacer\">\n\t\t\t<div class=\"elementor-spacer-inner\"><\/div>\n\t\t<\/div>\n\t\t\t\t\t\t<\/div>\n\t\t\t\t\t<\/div>\n\t\t<\/div>\n\t\t\t\t<div class=\"elementor-column elementor-col-50 elementor-top-column elementor-element elementor-element-799ae5fc\" data-id=\"799ae5fc\" data-element_type=\"column\" data-e-type=\"column\" data-settings=\"{&quot;background_background&quot;:&quot;classic&quot;}\">\n\t\t\t<div class=\"elementor-widget-wrap elementor-element-populated\">\n\t\t\t\t\t\t<div class=\"elementor-element elementor-element-5de4b4ce elementor-invisible elementor-widget elementor-widget-heading\" data-id=\"5de4b4ce\" data-element_type=\"widget\" data-e-type=\"widget\" data-settings=\"{&quot;_animation&quot;:&quot;fadeInLeft&quot;,&quot;_animation_delay&quot;:200}\" data-widget_type=\"heading.default\">\n\t\t\t\t\t<h2 class=\"elementor-heading-title elementor-size-default\">You might need our help as well<\/h2>\t\t\t\t<\/div>\n\t\t\t\t<div class=\"elementor-element elementor-element-5d04f526 elementor-widget-divider--view-line elementor-invisible elementor-widget elementor-widget-divider\" data-id=\"5d04f526\" data-element_type=\"widget\" data-e-type=\"widget\" data-settings=\"{&quot;_animation&quot;:&quot;fadeInLeft&quot;,&quot;_animation_delay&quot;:400}\" data-widget_type=\"divider.default\">\n\t\t\t\t\t\t\t<div class=\"elementor-divider\">\n\t\t\t<span class=\"elementor-divider-separator\">\n\t\t\t\t\t\t<\/span>\n\t\t<\/div>\n\t\t\t\t\t\t<\/div>\n\t\t\t\t<div class=\"elementor-element elementor-element-1f4bda98 elementor-invisible elementor-widget elementor-widget-text-editor\" data-id=\"1f4bda98\" data-element_type=\"widget\" data-e-type=\"widget\" data-settings=\"{&quot;_animation&quot;:&quot;fadeInLeft&quot;,&quot;_animation_delay&quot;:600}\" data-widget_type=\"text-editor.default\">\n\t\t\t\t\t\t\t\t\t<p class=\"translation-block\">Our firm is made up of practicing lawyers and real estate professionals who not only take care of the easy end of the task, the preparation of the contract, but also regularly check, liaise between the parties, communicate with the joint representatives and the authorities. \n\nWhen do I need a professional property manager, including the services of RealHelp? Let's look at some possible scenarios:<\/p>\t\t\t\t\t\t\t\t<\/div>\n\t\t\t\t\t<\/div>\n\t\t<\/div>\n\t\t\t\t\t<\/div>\n\t\t<\/section>\n\t\t\t\t<section class=\"elementor-section elementor-top-section elementor-element elementor-element-5a90247d elementor-section-boxed elementor-section-height-default elementor-section-height-default\" data-id=\"5a90247d\" data-element_type=\"section\" data-e-type=\"section\">\n\t\t\t\t\t\t<div class=\"elementor-container elementor-column-gap-default\">\n\t\t\t\t\t<div class=\"elementor-column elementor-col-100 elementor-top-column elementor-element elementor-element-6aba71e\" data-id=\"6aba71e\" data-element_type=\"column\" data-e-type=\"column\">\n\t\t\t<div class=\"elementor-widget-wrap\">\n\t\t\t\t\t\t\t<\/div>\n\t\t<\/div>\n\t\t\t\t\t<\/div>\n\t\t<\/section>\n\t\t\t\t<section class=\"elementor-section elementor-top-section elementor-element elementor-element-44895113 elementor-reverse-tablet elementor-reverse-mobile elementor-section-boxed elementor-section-height-default elementor-section-height-default\" data-id=\"44895113\" data-element_type=\"section\" data-e-type=\"section\">\n\t\t\t\t\t\t<div class=\"elementor-container elementor-column-gap-wider\">\n\t\t\t\t\t<div class=\"elementor-column elementor-col-100 elementor-top-column elementor-element elementor-element-74c1694b\" data-id=\"74c1694b\" data-element_type=\"column\" data-e-type=\"column\">\n\t\t\t<div class=\"elementor-widget-wrap elementor-element-populated\">\n\t\t\t\t\t\t<div class=\"elementor-element elementor-element-f6de60e elementor-icon-list--layout-traditional elementor-list-item-link-full_width elementor-invisible elementor-widget elementor-widget-icon-list\" data-id=\"f6de60e\" data-element_type=\"widget\" data-e-type=\"widget\" data-settings=\"{&quot;_animation&quot;:&quot;fadeInRight&quot;,&quot;_animation_delay&quot;:800}\" data-widget_type=\"icon-list.default\">\n\t\t\t\t\t\t\t<ul class=\"elementor-icon-list-items\">\n\t\t\t\t\t\t\t<li class=\"elementor-icon-list-item translation-block\">if you had been a landlord before but you had not been able to squeeze the load of work into your day<\/li>\n\t\t\t\t\t\t\t\t<li class=\"elementor-icon-list-item translation-block\">if you are renting out your home for the first time but are baffled by too many tasks, pitfalls and legal implications<\/li>\n\t\t\t\t\t\t\t\t<li class=\"elementor-icon-list-item translation-block\">if you are worried about problems with tenants in terms of finances property protection<\/li>\n\t\t\t\t\t\t\t\t<li class=\"elementor-icon-list-item translation-block\">if you are willing to rent to a foreighner but do not speak their language<\/li>\n\t\t\t\t\t\t\t\t<li class=\"elementor-icon-list-item translation-block\">if you want to buy a property for investment but do not wish to make use of it<\/li>\n\t\t\t\t\t\t\t\t<li class=\"elementor-icon-list-item\">\n\t\t\t\t\t\t\t\t\t\t\t<span class=\"elementor-icon-list-icon\">\n\t\t\t\t\t\t\t<i aria-hidden=\"true\" class=\"far fa-check-square\"><\/i>\t\t\t\t\t\t<\/span>\n\t\t\t\t\t\t\t\t\t\t<span class=\"elementor-icon-list-text\">if you wish to receive a rental income in a transparent, predictable and secure way<\/span>\n\t\t\t\t\t\t\t\t\t<\/li>\n\t\t\t\t\t\t\t\t<li class=\"elementor-icon-list-item\">\n\t\t\t\t\t\t\t\t\t\t\t<span class=\"elementor-icon-list-icon\">\n\t\t\t\t\t\t\t<i aria-hidden=\"true\" class=\"far fa-check-square\"><\/i>\t\t\t\t\t\t<\/span>\n\t\t\t\t\t\t\t\t\t\t<span class=\"elementor-icon-list-text\">if you do not want to be directly contacted by your tenants.<\/span>\n\t\t\t\t\t\t\t\t\t<\/li>\n\t\t\t\t\t\t\t\t<li class=\"elementor-icon-list-item translation-block\">if you live far away from your rental property<\/li>\n\t\t\t\t\t\t\t\t<li class=\"elementor-icon-list-item translation-block\">if you do not want to have regular contact with your tenants<\/li>\n\t\t\t\t\t\t\t\t<li class=\"elementor-icon-list-item translation-block\">if it is important to you that your landlord treats your property with the same care as if it were his own<\/li>\n\t\t\t\t\t\t\t\t<li class=\"elementor-icon-list-item translation-block\">if it is important to you to be able to easily contact the housing manager and want him to keep you informed about the services, numbers and other information<\/li>\n\t\t\t\t\t\t<\/ul>\n\t\t\t\t\t\t<\/div>\n\t\t\t\t<div class=\"elementor-element elementor-element-2e3f450 elementor-widget-divider--view-line elementor-invisible elementor-widget elementor-widget-divider\" data-id=\"2e3f450\" data-element_type=\"widget\" data-e-type=\"widget\" data-settings=\"{&quot;_animation&quot;:&quot;fadeInRight&quot;,&quot;_animation_delay&quot;:400}\" data-widget_type=\"divider.default\">\n\t\t\t\t\t\t\t<div class=\"elementor-divider\">\n\t\t\t<span class=\"elementor-divider-separator\">\n\t\t\t\t\t\t<\/span>\n\t\t<\/div>\n\t\t\t\t\t\t<\/div>\n\t\t\t\t<div class=\"elementor-element elementor-element-585e51d elementor-invisible elementor-widget elementor-widget-text-editor\" data-id=\"585e51d\" data-element_type=\"widget\" data-e-type=\"widget\" data-settings=\"{&quot;_animation&quot;:&quot;fadeInUp&quot;}\" data-widget_type=\"text-editor.default\">\n\t\t\t\t\t\t\t\t\t<p>If any of the above applies to you or if you have any other reasons it's time to contact us!\nContact us with confidence!<\/p>\t\t\t\t\t\t\t\t<\/div>\n\t\t\t\t\t<\/div>\n\t\t<\/div>\n\t\t\t\t\t<\/div>\n\t\t<\/section>\n\t\t\t\t<section class=\"elementor-section elementor-top-section elementor-element elementor-element-e2b4efc elementor-section-boxed elementor-section-height-default elementor-section-height-default\" data-id=\"e2b4efc\" data-element_type=\"section\" data-e-type=\"section\">\n\t\t\t\t\t\t<div class=\"elementor-container elementor-column-gap-default\">\n\t\t\t\t\t<div class=\"elementor-column elementor-col-100 elementor-top-column elementor-element elementor-element-0cd0fa0\" data-id=\"0cd0fa0\" data-element_type=\"column\" data-e-type=\"column\">\n\t\t\t<div class=\"elementor-widget-wrap\">\n\t\t\t\t\t\t\t<\/div>\n\t\t<\/div>\n\t\t\t\t\t<\/div>\n\t\t<\/section>\n\t\t\t\t<section class=\"elementor-section elementor-top-section elementor-element elementor-element-2173976d elementor-section-boxed elementor-section-height-default elementor-section-height-default\" data-id=\"2173976d\" data-element_type=\"section\" data-e-type=\"section\" data-settings=\"{&quot;background_background&quot;:&quot;classic&quot;}\">\n\t\t\t\t\t\t\t<div class=\"elementor-background-overlay\"><\/div>\n\t\t\t\t\t\t\t<div class=\"elementor-container elementor-column-gap-default\">\n\t\t\t\t\t<div class=\"elementor-column elementor-col-50 elementor-top-column elementor-element elementor-element-7ed87b65\" data-id=\"7ed87b65\" data-element_type=\"column\" data-e-type=\"column\">\n\t\t\t<div class=\"elementor-widget-wrap elementor-element-populated\">\n\t\t\t\t\t\t<div class=\"elementor-element elementor-element-37ba7001 elementor-invisible elementor-widget elementor-widget-heading\" data-id=\"37ba7001\" data-element_type=\"widget\" data-e-type=\"widget\" data-settings=\"{&quot;_animation&quot;:&quot;fadeInLeft&quot;,&quot;_animation_delay&quot;:200}\" data-widget_type=\"heading.default\">\n\t\t\t\t\t<h2 class=\"elementor-heading-title elementor-size-default\">Contact us with confidence!<\/h2>\t\t\t\t<\/div>\n\t\t\t\t<div class=\"elementor-element elementor-element-3c69bedd elementor-widget-divider--view-line elementor-invisible elementor-widget elementor-widget-divider\" data-id=\"3c69bedd\" data-element_type=\"widget\" data-e-type=\"widget\" data-settings=\"{&quot;_animation&quot;:&quot;fadeInLeft&quot;,&quot;_animation_delay&quot;:400}\" data-widget_type=\"divider.default\">\n\t\t\t\t\t\t\t<div class=\"elementor-divider\">\n\t\t\t<span class=\"elementor-divider-separator\">\n\t\t\t\t\t\t<\/span>\n\t\t<\/div>\n\t\t\t\t\t\t<\/div>\n\t\t\t\t<div class=\"elementor-element elementor-element-71db4b6e elementor-invisible elementor-widget elementor-widget-text-editor\" data-id=\"71db4b6e\" data-element_type=\"widget\" data-e-type=\"widget\" data-settings=\"{&quot;_animation&quot;:&quot;fadeInLeft&quot;,&quot;_animation_delay&quot;:600}\" data-widget_type=\"text-editor.default\">\n\t\t\t\t\t\t\t\t\t<p>Fill in the form on the right and our staff will contact you as soon as possible. We look forward to receiving your application!<\/p>\t\t\t\t\t\t\t\t<\/div>\n\t\t\t\t\t<\/div>\n\t\t<\/div>\n\t\t\t\t<div class=\"elementor-column elementor-col-50 elementor-top-column elementor-element elementor-element-572a81dd\" data-id=\"572a81dd\" data-element_type=\"column\" data-e-type=\"column\" data-settings=\"{&quot;background_background&quot;:&quot;classic&quot;}\">\n\t\t\t<div class=\"elementor-widget-wrap\">\n\t\t\t\t\t\t\t<\/div>\n\t\t<\/div>\n\t\t\t\t\t<\/div>\n\t\t<\/section>\n\t\t\t\t<\/div>","protected":false},"excerpt":{"rendered":"<p>Kinek aj\u00e1nljuk? \u00d6nnek is sz\u00fcks\u00e9ge lehet r\u00e1nk! C\u00e9g\u00fcnket praktiz\u00e1l\u00f3 jog\u00e1szok \u00e9s ingatlanszakemberek alkotj\u00e1k, akik nemcsak a feladat k\u00f6nny\u0171 v\u00e9g\u00e9re, a szerz\u0151d\u00e9s el\u0151k\u00e9sz\u00edt\u00e9s\u00e9re v\u00e1llalkoznak, hanem rendszeresen ellen\u0151riznek, kapcsolatot tartanak a felek k\u00f6z\u00f6tt, kommunik\u00e1lnak a k\u00f6z\u00f6s k\u00e9pvisel\u0151k \u00e9s a hat\u00f3s\u00e1gok fel\u00e9. Mikor van sz\u00fcks\u00e9g professzion\u00e1lis lak\u00e1skezel\u0151re, azon bel\u00fcl is a RealHelp szolg\u00e1ltat\u00e1saira? N\u00e9zz\u00fcnk n\u00e9h\u00e1ny lehets\u00e9ges esetet: L\u00c9PJEN [&hellip;]<\/p>\n","protected":false},"author":1,"featured_media":0,"parent":0,"menu_order":0,"comment_status":"closed","ping_status":"closed","template":"elementor_header_footer","meta":{"footnotes":""},"class_list":["post-206","page","type-page","status-publish","hentry"],"yoast_head":"<!-- This site is optimized with the Yoast SEO plugin v27.3 - https:\/\/yoast.com\/product\/yoast-seo-wordpress\/ -->\n<title>Kinek aj\u00e1nljuk? - Realhelp<\/title>\n<meta name=\"robots\" content=\"index, follow, max-snippet:-1, max-image-preview:large, max-video-preview:-1\" \/>\n<link rel=\"canonical\" href=\"https:\/\/realhelp.hu\/en\/kinek-ajanljuk\/\" \/>\n<meta property=\"og:locale\" content=\"en_GB\" \/>\n<meta property=\"og:type\" content=\"article\" \/>\n<meta property=\"og:title\" content=\"Kinek aj\u00e1nljuk? - Realhelp\" \/>\n<meta property=\"og:description\" content=\"Kinek aj\u00e1nljuk? \u00d6nnek is sz\u00fcks\u00e9ge lehet r\u00e1nk! C\u00e9g\u00fcnket praktiz\u00e1l\u00f3 jog\u00e1szok \u00e9s ingatlanszakemberek alkotj\u00e1k, akik nemcsak a feladat k\u00f6nny\u0171 v\u00e9g\u00e9re, a szerz\u0151d\u00e9s el\u0151k\u00e9sz\u00edt\u00e9s\u00e9re v\u00e1llalkoznak, hanem rendszeresen ellen\u0151riznek, kapcsolatot tartanak a felek k\u00f6z\u00f6tt, kommunik\u00e1lnak a k\u00f6z\u00f6s k\u00e9pvisel\u0151k \u00e9s a hat\u00f3s\u00e1gok fel\u00e9. Mikor van sz\u00fcks\u00e9g professzion\u00e1lis lak\u00e1skezel\u0151re, azon bel\u00fcl is a RealHelp szolg\u00e1ltat\u00e1saira? N\u00e9zz\u00fcnk n\u00e9h\u00e1ny lehets\u00e9ges esetet: L\u00c9PJEN [&hellip;]\" \/>\n<meta property=\"og:url\" content=\"https:\/\/realhelp.hu\/en\/kinek-ajanljuk\/\" \/>\n<meta property=\"og:site_name\" content=\"Realhelp\" \/>\n<meta property=\"article:modified_time\" content=\"2024-07-27T13:09:28+00:00\" \/>\n<meta name=\"twitter:card\" content=\"summary_large_image\" \/>\n<meta name=\"twitter:label1\" content=\"Estimated reading time\" \/>\n\t<meta name=\"twitter:data1\" content=\"2 minutes\" \/>\n<script type=\"application\/ld+json\" class=\"yoast-schema-graph\">{\"@context\":\"https:\\\/\\\/schema.org\",\"@graph\":[{\"@type\":\"WebPage\",\"@id\":\"https:\\\/\\\/realhelp.hu\\\/kinek-ajanljuk\\\/\",\"url\":\"https:\\\/\\\/realhelp.hu\\\/kinek-ajanljuk\\\/\",\"name\":\"Kinek aj\u00e1nljuk? - Realhelp\",\"isPartOf\":{\"@id\":\"https:\\\/\\\/realhelp.hu\\\/#website\"},\"datePublished\":\"2022-04-24T10:23:23+00:00\",\"dateModified\":\"2024-07-27T13:09:28+00:00\",\"breadcrumb\":{\"@id\":\"https:\\\/\\\/realhelp.hu\\\/kinek-ajanljuk\\\/#breadcrumb\"},\"inLanguage\":\"en-GB\",\"potentialAction\":[{\"@type\":\"ReadAction\",\"target\":[\"https:\\\/\\\/realhelp.hu\\\/kinek-ajanljuk\\\/\"]}]},{\"@type\":\"BreadcrumbList\",\"@id\":\"https:\\\/\\\/realhelp.hu\\\/kinek-ajanljuk\\\/#breadcrumb\",\"itemListElement\":[{\"@type\":\"ListItem\",\"position\":1,\"name\":\"Kezd\u0151lap\",\"item\":\"https:\\\/\\\/realhelp.hu\\\/\"},{\"@type\":\"ListItem\",\"position\":2,\"name\":\"Kinek aj\u00e1nljuk?\"}]},{\"@type\":\"WebSite\",\"@id\":\"https:\\\/\\\/realhelp.hu\\\/#website\",\"url\":\"https:\\\/\\\/realhelp.hu\\\/\",\"name\":\"Realhelp\",\"description\":\"Lak\u00e1skezel\u00e9s fels\u0151fokon\",\"publisher\":{\"@id\":\"https:\\\/\\\/realhelp.hu\\\/#organization\"},\"potentialAction\":[{\"@type\":\"SearchAction\",\"target\":{\"@type\":\"EntryPoint\",\"urlTemplate\":\"https:\\\/\\\/realhelp.hu\\\/?s={search_term_string}\"},\"query-input\":{\"@type\":\"PropertyValueSpecification\",\"valueRequired\":true,\"valueName\":\"search_term_string\"}}],\"inLanguage\":\"en-GB\"},{\"@type\":\"Organization\",\"@id\":\"https:\\\/\\\/realhelp.hu\\\/#organization\",\"name\":\"Realhelp\",\"url\":\"https:\\\/\\\/realhelp.hu\\\/\",\"logo\":{\"@type\":\"ImageObject\",\"inLanguage\":\"en-GB\",\"@id\":\"https:\\\/\\\/realhelp.hu\\\/#\\\/schema\\\/logo\\\/image\\\/\",\"url\":\"https:\\\/\\\/realhelp.hu\\\/wp-content\\\/uploads\\\/2022\\\/04\\\/RealHelp_logo_Horizontal_BWinvers_opt.png\",\"contentUrl\":\"https:\\\/\\\/realhelp.hu\\\/wp-content\\\/uploads\\\/2022\\\/04\\\/RealHelp_logo_Horizontal_BWinvers_opt.png\",\"width\":307,\"height\":103,\"caption\":\"Realhelp\"},\"image\":{\"@id\":\"https:\\\/\\\/realhelp.hu\\\/#\\\/schema\\\/logo\\\/image\\\/\"}}]}<\/script>\n<!-- \/ Yoast SEO plugin. -->","yoast_head_json":{"title":"Kinek aj\u00e1nljuk? - Realhelp","robots":{"index":"index","follow":"follow","max-snippet":"max-snippet:-1","max-image-preview":"max-image-preview:large","max-video-preview":"max-video-preview:-1"},"canonical":"https:\/\/realhelp.hu\/en\/kinek-ajanljuk\/","og_locale":"en_GB","og_type":"article","og_title":"Kinek aj\u00e1nljuk? - Realhelp","og_description":"Kinek aj\u00e1nljuk? \u00d6nnek is sz\u00fcks\u00e9ge lehet r\u00e1nk! C\u00e9g\u00fcnket praktiz\u00e1l\u00f3 jog\u00e1szok \u00e9s ingatlanszakemberek alkotj\u00e1k, akik nemcsak a feladat k\u00f6nny\u0171 v\u00e9g\u00e9re, a szerz\u0151d\u00e9s el\u0151k\u00e9sz\u00edt\u00e9s\u00e9re v\u00e1llalkoznak, hanem rendszeresen ellen\u0151riznek, kapcsolatot tartanak a felek k\u00f6z\u00f6tt, kommunik\u00e1lnak a k\u00f6z\u00f6s k\u00e9pvisel\u0151k \u00e9s a hat\u00f3s\u00e1gok fel\u00e9. Mikor van sz\u00fcks\u00e9g professzion\u00e1lis lak\u00e1skezel\u0151re, azon bel\u00fcl is a RealHelp szolg\u00e1ltat\u00e1saira? N\u00e9zz\u00fcnk n\u00e9h\u00e1ny lehets\u00e9ges esetet: L\u00c9PJEN [&hellip;]","og_url":"https:\/\/realhelp.hu\/en\/kinek-ajanljuk\/","og_site_name":"Realhelp","article_modified_time":"2024-07-27T13:09:28+00:00","twitter_card":"summary_large_image","twitter_misc":{"Estimated reading time":"2 minutes"},"schema":{"@context":"https:\/\/schema.org","@graph":[{"@type":"WebPage","@id":"https:\/\/realhelp.hu\/kinek-ajanljuk\/","url":"https:\/\/realhelp.hu\/kinek-ajanljuk\/","name":"Kinek aj\u00e1nljuk? - Realhelp","isPartOf":{"@id":"https:\/\/realhelp.hu\/#website"},"datePublished":"2022-04-24T10:23:23+00:00","dateModified":"2024-07-27T13:09:28+00:00","breadcrumb":{"@id":"https:\/\/realhelp.hu\/kinek-ajanljuk\/#breadcrumb"},"inLanguage":"en-GB","potentialAction":[{"@type":"ReadAction","target":["https:\/\/realhelp.hu\/kinek-ajanljuk\/"]}]},{"@type":"BreadcrumbList","@id":"https:\/\/realhelp.hu\/kinek-ajanljuk\/#breadcrumb","itemListElement":[{"@type":"ListItem","position":1,"name":"Kezd\u0151lap","item":"https:\/\/realhelp.hu\/"},{"@type":"ListItem","position":2,"name":"Kinek aj\u00e1nljuk?"}]},{"@type":"WebSite","@id":"https:\/\/realhelp.hu\/#website","url":"https:\/\/realhelp.hu\/","name":"Realhelp","description":"Lak\u00e1skezel\u00e9s fels\u0151fokon","publisher":{"@id":"https:\/\/realhelp.hu\/#organization"},"potentialAction":[{"@type":"SearchAction","target":{"@type":"EntryPoint","urlTemplate":"https:\/\/realhelp.hu\/?s={search_term_string}"},"query-input":{"@type":"PropertyValueSpecification","valueRequired":true,"valueName":"search_term_string"}}],"inLanguage":"en-GB"},{"@type":"Organization","@id":"https:\/\/realhelp.hu\/#organization","name":"Realhelp","url":"https:\/\/realhelp.hu\/","logo":{"@type":"ImageObject","inLanguage":"en-GB","@id":"https:\/\/realhelp.hu\/#\/schema\/logo\/image\/","url":"https:\/\/realhelp.hu\/wp-content\/uploads\/2022\/04\/RealHelp_logo_Horizontal_BWinvers_opt.png","contentUrl":"https:\/\/realhelp.hu\/wp-content\/uploads\/2022\/04\/RealHelp_logo_Horizontal_BWinvers_opt.png","width":307,"height":103,"caption":"Realhelp"},"image":{"@id":"https:\/\/realhelp.hu\/#\/schema\/logo\/image\/"}}]}},"_links":{"self":[{"href":"https:\/\/realhelp.hu\/en\/wp-json\/wp\/v2\/pages\/206","targetHints":{"allow":["GET"]}}],"collection":[{"href":"https:\/\/realhelp.hu\/en\/wp-json\/wp\/v2\/pages"}],"about":[{"href":"https:\/\/realhelp.hu\/en\/wp-json\/wp\/v2\/types\/page"}],"author":[{"embeddable":true,"href":"https:\/\/realhelp.hu\/en\/wp-json\/wp\/v2\/users\/1"}],"replies":[{"embeddable":true,"href":"https:\/\/realhelp.hu\/en\/wp-json\/wp\/v2\/comments?post=206"}],"version-history":[{"count":0,"href":"https:\/\/realhelp.hu\/en\/wp-json\/wp\/v2\/pages\/206\/revisions"}],"wp:attachment":[{"href":"https:\/\/realhelp.hu\/en\/wp-json\/wp\/v2\/media?parent=206"}],"curies":[{"name":"wp","href":"https:\/\/api.w.org\/{rel}","templated":true}]}}