{"id":1380,"date":"2022-05-04T16:42:41","date_gmt":"2022-05-04T16:42:41","guid":{"rendered":"https:\/\/realhelp.hu\/?page_id=1380"},"modified":"2024-07-27T13:31:03","modified_gmt":"2024-07-27T13:31:03","slug":"koltoztetes-ingatlan-felkeszites-home-staging","status":"publish","type":"page","link":"https:\/\/realhelp.hu\/en\/koltoztetes-ingatlan-felkeszites-home-staging\/","title":{"rendered":"Relocation, property preparation, home staging"},"content":{"rendered":"<div data-elementor-type=\"wp-page\" data-elementor-id=\"1380\" class=\"elementor elementor-1380\">\n\t\t\t\t\t\t<section class=\"elementor-section elementor-top-section elementor-element elementor-element-266b912b head-height elementor-section-boxed elementor-section-height-default elementor-section-height-default\" data-id=\"266b912b\" data-element_type=\"section\" data-e-type=\"section\" data-settings=\"{&quot;background_background&quot;:&quot;classic&quot;}\">\n\t\t\t\t\t\t\t<div class=\"elementor-background-overlay\"><\/div>\n\t\t\t\t\t\t\t<div class=\"elementor-container elementor-column-gap-default\">\n\t\t\t\t\t<div class=\"elementor-column elementor-col-100 elementor-top-column elementor-element elementor-element-530351c2\" data-id=\"530351c2\" data-element_type=\"column\" data-e-type=\"column\">\n\t\t\t<div class=\"elementor-widget-wrap elementor-element-populated\">\n\t\t\t\t\t\t<div class=\"elementor-element elementor-element-1b02205b elementor-invisible elementor-widget elementor-widget-heading\" data-id=\"1b02205b\" data-element_type=\"widget\" data-e-type=\"widget\" data-settings=\"{&quot;_animation&quot;:&quot;fadeIn&quot;}\" data-widget_type=\"heading.default\">\n\t\t\t\t\t<h2 class=\"elementor-heading-title elementor-size-default\">Relocation, property preparation, home staging<\/h2>\t\t\t\t<\/div>\n\t\t\t\t\t<\/div>\n\t\t<\/div>\n\t\t\t\t\t<\/div>\n\t\t<\/section>\n\t\t\t\t<section class=\"elementor-section elementor-top-section elementor-element elementor-element-1f42dc5f elementor-section-boxed elementor-section-height-default elementor-section-height-default\" data-id=\"1f42dc5f\" data-element_type=\"section\" data-e-type=\"section\" data-settings=\"{&quot;background_background&quot;:&quot;classic&quot;}\">\n\t\t\t\t\t\t<div class=\"elementor-container elementor-column-gap-wider\">\n\t\t\t\t\t<div class=\"elementor-column elementor-col-100 elementor-top-column elementor-element elementor-element-2a240388\" data-id=\"2a240388\" data-element_type=\"column\" data-e-type=\"column\">\n\t\t\t<div class=\"elementor-widget-wrap elementor-element-populated\">\n\t\t\t\t\t\t<div class=\"elementor-element elementor-element-51f2326f elementor-widget elementor-widget-image\" data-id=\"51f2326f\" data-element_type=\"widget\" data-e-type=\"widget\" data-widget_type=\"image.default\">\n\t\t\t\t\t\t\t\t\t\t\t\t\t\t\t<img decoding=\"async\" width=\"150\" height=\"150\" src=\"https:\/\/realhelp.hu\/wp-content\/uploads\/2022\/04\/13-1-150x150.png\" class=\"attachment-thumbnail size-thumbnail wp-image-758\" alt=\"\" \/>\t\t\t\t\t\t\t\t\t\t\t\t\t\t\t<\/div>\n\t\t\t\t<div class=\"elementor-element elementor-element-77d23fa6 elementor-invisible elementor-widget elementor-widget-text-editor\" data-id=\"77d23fa6\" data-element_type=\"widget\" data-e-type=\"widget\" data-settings=\"{&quot;_animation&quot;:&quot;fadeInUp&quot;,&quot;_animation_delay&quot;:400}\" data-widget_type=\"text-editor.default\">\n\t\t\t\t\t\t\t\t\t<p class=\"translation-block\">It is sometimes difficult to choose the right moving company onlime. When buying, selling or even renting a property, a cost-effective and quick assistance can be a great relief. We can recommend you the most suitable partner, one who has already proven itself to our clients.<\/p><p class=\"translation-block\">How the property you want to sell or rent is put on the market is very important. It means a lot to have one or two well-managed minimal repairs, cleaning, furnishing ideas. The selling time can also be significantly reduced by taking advantage of these opportunities. We can provide immediate solutions for minor renovations and improvements, so that this does not hinder a speedy sale on excellent terms.<\/p><p><strong>Through our collaborative partners, our Clients also have the opportunity to make more professional renovations and upgrades to their property, which can significantly increase the value of the it, up to millions of euros.<\/strong><\/p>\t\t\t\t\t\t\t\t<\/div>\n\t\t\t\t\t<\/div>\n\t\t<\/div>\n\t\t\t\t\t<\/div>\n\t\t<\/section>\n\t\t\t\t<section class=\"elementor-section elementor-top-section elementor-element elementor-element-1f8a65a8 elementor-section-boxed elementor-section-height-default elementor-section-height-default\" data-id=\"1f8a65a8\" data-element_type=\"section\" data-e-type=\"section\">\n\t\t\t\t\t\t<div class=\"elementor-container elementor-column-gap-default\">\n\t\t\t\t\t<div class=\"elementor-column elementor-col-100 elementor-top-column elementor-element elementor-element-33bb8c9e\" data-id=\"33bb8c9e\" data-element_type=\"column\" data-e-type=\"column\">\n\t\t\t<div class=\"elementor-widget-wrap\">\n\t\t\t\t\t\t\t<\/div>\n\t\t<\/div>\n\t\t\t\t\t<\/div>\n\t\t<\/section>\n\t\t\t\t<section class=\"elementor-section elementor-top-section elementor-element elementor-element-2fc2f22b elementor-section-boxed elementor-section-height-default elementor-section-height-default\" data-id=\"2fc2f22b\" data-element_type=\"section\" data-e-type=\"section\" data-settings=\"{&quot;background_background&quot;:&quot;classic&quot;}\">\n\t\t\t\t\t\t\t<div class=\"elementor-background-overlay\"><\/div>\n\t\t\t\t\t\t\t<div class=\"elementor-container elementor-column-gap-default\">\n\t\t\t\t\t<div class=\"elementor-column elementor-col-50 elementor-top-column elementor-element elementor-element-5c34b1ad\" data-id=\"5c34b1ad\" data-element_type=\"column\" data-e-type=\"column\">\n\t\t\t<div class=\"elementor-widget-wrap elementor-element-populated\">\n\t\t\t\t\t\t<div class=\"elementor-element elementor-element-37213ed9 elementor-invisible elementor-widget elementor-widget-heading\" data-id=\"37213ed9\" data-element_type=\"widget\" data-e-type=\"widget\" data-settings=\"{&quot;_animation&quot;:&quot;fadeInUp&quot;,&quot;_animation_delay&quot;:200}\" data-widget_type=\"heading.default\">\n\t\t\t\t\t<h2 class=\"elementor-heading-title elementor-size-default\">Contact us with confidence!<\/h2>\t\t\t\t<\/div>\n\t\t\t\t<div class=\"elementor-element elementor-element-32f56223 elementor-widget-divider--view-line elementor-invisible elementor-widget elementor-widget-divider\" data-id=\"32f56223\" data-element_type=\"widget\" data-e-type=\"widget\" data-settings=\"{&quot;_animation&quot;:&quot;fadeInLeft&quot;,&quot;_animation_delay&quot;:400}\" data-widget_type=\"divider.default\">\n\t\t\t\t\t\t\t<div class=\"elementor-divider\">\n\t\t\t<span class=\"elementor-divider-separator\">\n\t\t\t\t\t\t<\/span>\n\t\t<\/div>\n\t\t\t\t\t\t<\/div>\n\t\t\t\t<div class=\"elementor-element elementor-element-2b262248 elementor-invisible elementor-widget elementor-widget-text-editor\" data-id=\"2b262248\" data-element_type=\"widget\" data-e-type=\"widget\" data-settings=\"{&quot;_animation&quot;:&quot;fadeInLeft&quot;,&quot;_animation_delay&quot;:600}\" data-widget_type=\"text-editor.default\">\n\t\t\t\t\t\t\t\t\t<p>Fill in the form on the right and our staff will contact you as soon as possible. We look forward to receiving your application!<\/p>\t\t\t\t\t\t\t\t<\/div>\n\t\t\t\t\t<\/div>\n\t\t<\/div>\n\t\t\t\t<div class=\"elementor-column elementor-col-50 elementor-top-column elementor-element elementor-element-52c1208e\" data-id=\"52c1208e\" data-element_type=\"column\" data-e-type=\"column\" data-settings=\"{&quot;background_background&quot;:&quot;classic&quot;}\">\n\t\t\t<div class=\"elementor-widget-wrap\">\n\t\t\t\t\t\t\t<\/div>\n\t\t<\/div>\n\t\t\t\t\t<\/div>\n\t\t<\/section>\n\t\t\t\t<\/div>","protected":false},"excerpt":{"rendered":"<p>K\u00f6lt\u00f6ztet\u00e9s, ingatlan felk\u00e9sz\u00edt\u00e9s, home staging Id\u0151nk\u00e9nt neh\u00e9z a sz\u00e1mos interneten fellelhet\u0151 k\u00f6lt\u00f6ztet\u0151 c\u00e9g k\u00f6z\u00fcl a megfelel\u0151t kiv\u00e1lasztani. Ingatlan v\u00e1s\u00e1rl\u00e1s, elad\u00e1s, de ak\u00e1r b\u00e9rbead\u00e1s sor\u00e1n is nagy terhet vehet le a v\u00e1llunkr\u00f3l egy k\u00f6lts\u00e9ghat\u00e9kony \u00e9s gyors seg\u00edts\u00e9g. Egy\u00fcttm\u0171k\u00f6d\u0151 partnereink k\u00f6z\u00fcl az \u00d6n r\u00e9sz\u00e9re a legmegfelel\u0151bbet tudjuk aj\u00e1nlani, olyat, aki m\u00e1r t\u00f6bb \u00edzben bizony\u00edtott az \u00fcgyfelek r\u00e9sz\u00e9re [&hellip;]<\/p>\n","protected":false},"author":1,"featured_media":0,"parent":0,"menu_order":0,"comment_status":"closed","ping_status":"closed","template":"elementor_header_footer","meta":{"footnotes":""},"class_list":["post-1380","page","type-page","status-publish","hentry"],"yoast_head":"<!-- This site is optimized with the Yoast SEO plugin v27.3 - https:\/\/yoast.com\/product\/yoast-seo-wordpress\/ -->\n<title>K\u00f6lt\u00f6ztet\u00e9s, ingatlan felk\u00e9sz\u00edt\u00e9s, home staging - Realhelp<\/title>\n<meta name=\"robots\" content=\"index, follow, max-snippet:-1, max-image-preview:large, max-video-preview:-1\" \/>\n<link rel=\"canonical\" href=\"https:\/\/realhelp.hu\/en\/koltoztetes-ingatlan-felkeszites-home-staging\/\" \/>\n<meta property=\"og:locale\" content=\"en_GB\" \/>\n<meta property=\"og:type\" content=\"article\" \/>\n<meta property=\"og:title\" content=\"K\u00f6lt\u00f6ztet\u00e9s, ingatlan felk\u00e9sz\u00edt\u00e9s, home staging - Realhelp\" \/>\n<meta property=\"og:description\" content=\"K\u00f6lt\u00f6ztet\u00e9s, ingatlan felk\u00e9sz\u00edt\u00e9s, home staging Id\u0151nk\u00e9nt neh\u00e9z a sz\u00e1mos interneten fellelhet\u0151 k\u00f6lt\u00f6ztet\u0151 c\u00e9g k\u00f6z\u00fcl a megfelel\u0151t kiv\u00e1lasztani. Ingatlan v\u00e1s\u00e1rl\u00e1s, elad\u00e1s, de ak\u00e1r b\u00e9rbead\u00e1s sor\u00e1n is nagy terhet vehet le a v\u00e1llunkr\u00f3l egy k\u00f6lts\u00e9ghat\u00e9kony \u00e9s gyors seg\u00edts\u00e9g. Egy\u00fcttm\u0171k\u00f6d\u0151 partnereink k\u00f6z\u00fcl az \u00d6n r\u00e9sz\u00e9re a legmegfelel\u0151bbet tudjuk aj\u00e1nlani, olyat, aki m\u00e1r t\u00f6bb \u00edzben bizony\u00edtott az \u00fcgyfelek r\u00e9sz\u00e9re [&hellip;]\" \/>\n<meta property=\"og:url\" content=\"https:\/\/realhelp.hu\/en\/koltoztetes-ingatlan-felkeszites-home-staging\/\" \/>\n<meta property=\"og:site_name\" content=\"Realhelp\" \/>\n<meta property=\"article:modified_time\" content=\"2024-07-27T13:31:03+00:00\" \/>\n<meta property=\"og:image\" content=\"https:\/\/realhelp.hu\/wp-content\/uploads\/2022\/04\/13-1-150x150.png\" \/>\n<meta name=\"twitter:card\" content=\"summary_large_image\" \/>\n<meta name=\"twitter:label1\" content=\"Estimated reading time\" \/>\n\t<meta name=\"twitter:data1\" content=\"2 minutes\" \/>\n<script type=\"application\/ld+json\" class=\"yoast-schema-graph\">{\"@context\":\"https:\\\/\\\/schema.org\",\"@graph\":[{\"@type\":\"WebPage\",\"@id\":\"https:\\\/\\\/realhelp.hu\\\/koltoztetes-ingatlan-felkeszites-home-staging\\\/\",\"url\":\"https:\\\/\\\/realhelp.hu\\\/koltoztetes-ingatlan-felkeszites-home-staging\\\/\",\"name\":\"K\u00f6lt\u00f6ztet\u00e9s, ingatlan felk\u00e9sz\u00edt\u00e9s, home staging - Realhelp\",\"isPartOf\":{\"@id\":\"https:\\\/\\\/realhelp.hu\\\/#website\"},\"primaryImageOfPage\":{\"@id\":\"https:\\\/\\\/realhelp.hu\\\/koltoztetes-ingatlan-felkeszites-home-staging\\\/#primaryimage\"},\"image\":{\"@id\":\"https:\\\/\\\/realhelp.hu\\\/koltoztetes-ingatlan-felkeszites-home-staging\\\/#primaryimage\"},\"thumbnailUrl\":\"https:\\\/\\\/realhelp.hu\\\/wp-content\\\/uploads\\\/2022\\\/04\\\/13-1-150x150.png\",\"datePublished\":\"2022-05-04T16:42:41+00:00\",\"dateModified\":\"2024-07-27T13:31:03+00:00\",\"breadcrumb\":{\"@id\":\"https:\\\/\\\/realhelp.hu\\\/koltoztetes-ingatlan-felkeszites-home-staging\\\/#breadcrumb\"},\"inLanguage\":\"en-GB\",\"potentialAction\":[{\"@type\":\"ReadAction\",\"target\":[\"https:\\\/\\\/realhelp.hu\\\/koltoztetes-ingatlan-felkeszites-home-staging\\\/\"]}]},{\"@type\":\"ImageObject\",\"inLanguage\":\"en-GB\",\"@id\":\"https:\\\/\\\/realhelp.hu\\\/koltoztetes-ingatlan-felkeszites-home-staging\\\/#primaryimage\",\"url\":\"https:\\\/\\\/realhelp.hu\\\/wp-content\\\/uploads\\\/2022\\\/04\\\/13-1-150x150.png\",\"contentUrl\":\"https:\\\/\\\/realhelp.hu\\\/wp-content\\\/uploads\\\/2022\\\/04\\\/13-1-150x150.png\"},{\"@type\":\"BreadcrumbList\",\"@id\":\"https:\\\/\\\/realhelp.hu\\\/koltoztetes-ingatlan-felkeszites-home-staging\\\/#breadcrumb\",\"itemListElement\":[{\"@type\":\"ListItem\",\"position\":1,\"name\":\"Kezd\u0151lap\",\"item\":\"https:\\\/\\\/realhelp.hu\\\/\"},{\"@type\":\"ListItem\",\"position\":2,\"name\":\"K\u00f6lt\u00f6ztet\u00e9s, ingatlan felk\u00e9sz\u00edt\u00e9s, home staging\"}]},{\"@type\":\"WebSite\",\"@id\":\"https:\\\/\\\/realhelp.hu\\\/#website\",\"url\":\"https:\\\/\\\/realhelp.hu\\\/\",\"name\":\"Realhelp\",\"description\":\"Lak\u00e1skezel\u00e9s fels\u0151fokon\",\"publisher\":{\"@id\":\"https:\\\/\\\/realhelp.hu\\\/#organization\"},\"potentialAction\":[{\"@type\":\"SearchAction\",\"target\":{\"@type\":\"EntryPoint\",\"urlTemplate\":\"https:\\\/\\\/realhelp.hu\\\/?s={search_term_string}\"},\"query-input\":{\"@type\":\"PropertyValueSpecification\",\"valueRequired\":true,\"valueName\":\"search_term_string\"}}],\"inLanguage\":\"en-GB\"},{\"@type\":\"Organization\",\"@id\":\"https:\\\/\\\/realhelp.hu\\\/#organization\",\"name\":\"Realhelp\",\"url\":\"https:\\\/\\\/realhelp.hu\\\/\",\"logo\":{\"@type\":\"ImageObject\",\"inLanguage\":\"en-GB\",\"@id\":\"https:\\\/\\\/realhelp.hu\\\/#\\\/schema\\\/logo\\\/image\\\/\",\"url\":\"https:\\\/\\\/realhelp.hu\\\/wp-content\\\/uploads\\\/2022\\\/04\\\/RealHelp_logo_Horizontal_BWinvers_opt.png\",\"contentUrl\":\"https:\\\/\\\/realhelp.hu\\\/wp-content\\\/uploads\\\/2022\\\/04\\\/RealHelp_logo_Horizontal_BWinvers_opt.png\",\"width\":307,\"height\":103,\"caption\":\"Realhelp\"},\"image\":{\"@id\":\"https:\\\/\\\/realhelp.hu\\\/#\\\/schema\\\/logo\\\/image\\\/\"}}]}<\/script>\n<!-- \/ Yoast SEO plugin. -->","yoast_head_json":{"title":"K\u00f6lt\u00f6ztet\u00e9s, ingatlan felk\u00e9sz\u00edt\u00e9s, home staging - Realhelp","robots":{"index":"index","follow":"follow","max-snippet":"max-snippet:-1","max-image-preview":"max-image-preview:large","max-video-preview":"max-video-preview:-1"},"canonical":"https:\/\/realhelp.hu\/en\/koltoztetes-ingatlan-felkeszites-home-staging\/","og_locale":"en_GB","og_type":"article","og_title":"K\u00f6lt\u00f6ztet\u00e9s, ingatlan felk\u00e9sz\u00edt\u00e9s, home staging - Realhelp","og_description":"K\u00f6lt\u00f6ztet\u00e9s, ingatlan felk\u00e9sz\u00edt\u00e9s, home staging Id\u0151nk\u00e9nt neh\u00e9z a sz\u00e1mos interneten fellelhet\u0151 k\u00f6lt\u00f6ztet\u0151 c\u00e9g k\u00f6z\u00fcl a megfelel\u0151t kiv\u00e1lasztani. Ingatlan v\u00e1s\u00e1rl\u00e1s, elad\u00e1s, de ak\u00e1r b\u00e9rbead\u00e1s sor\u00e1n is nagy terhet vehet le a v\u00e1llunkr\u00f3l egy k\u00f6lts\u00e9ghat\u00e9kony \u00e9s gyors seg\u00edts\u00e9g. Egy\u00fcttm\u0171k\u00f6d\u0151 partnereink k\u00f6z\u00fcl az \u00d6n r\u00e9sz\u00e9re a legmegfelel\u0151bbet tudjuk aj\u00e1nlani, olyat, aki m\u00e1r t\u00f6bb \u00edzben bizony\u00edtott az \u00fcgyfelek r\u00e9sz\u00e9re [&hellip;]","og_url":"https:\/\/realhelp.hu\/en\/koltoztetes-ingatlan-felkeszites-home-staging\/","og_site_name":"Realhelp","article_modified_time":"2024-07-27T13:31:03+00:00","og_image":[{"url":"https:\/\/realhelp.hu\/wp-content\/uploads\/2022\/04\/13-1-150x150.png","type":"","width":"","height":""}],"twitter_card":"summary_large_image","twitter_misc":{"Estimated reading time":"2 minutes"},"schema":{"@context":"https:\/\/schema.org","@graph":[{"@type":"WebPage","@id":"https:\/\/realhelp.hu\/koltoztetes-ingatlan-felkeszites-home-staging\/","url":"https:\/\/realhelp.hu\/koltoztetes-ingatlan-felkeszites-home-staging\/","name":"K\u00f6lt\u00f6ztet\u00e9s, ingatlan felk\u00e9sz\u00edt\u00e9s, home staging - Realhelp","isPartOf":{"@id":"https:\/\/realhelp.hu\/#website"},"primaryImageOfPage":{"@id":"https:\/\/realhelp.hu\/koltoztetes-ingatlan-felkeszites-home-staging\/#primaryimage"},"image":{"@id":"https:\/\/realhelp.hu\/koltoztetes-ingatlan-felkeszites-home-staging\/#primaryimage"},"thumbnailUrl":"https:\/\/realhelp.hu\/wp-content\/uploads\/2022\/04\/13-1-150x150.png","datePublished":"2022-05-04T16:42:41+00:00","dateModified":"2024-07-27T13:31:03+00:00","breadcrumb":{"@id":"https:\/\/realhelp.hu\/koltoztetes-ingatlan-felkeszites-home-staging\/#breadcrumb"},"inLanguage":"en-GB","potentialAction":[{"@type":"ReadAction","target":["https:\/\/realhelp.hu\/koltoztetes-ingatlan-felkeszites-home-staging\/"]}]},{"@type":"ImageObject","inLanguage":"en-GB","@id":"https:\/\/realhelp.hu\/koltoztetes-ingatlan-felkeszites-home-staging\/#primaryimage","url":"https:\/\/realhelp.hu\/wp-content\/uploads\/2022\/04\/13-1-150x150.png","contentUrl":"https:\/\/realhelp.hu\/wp-content\/uploads\/2022\/04\/13-1-150x150.png"},{"@type":"BreadcrumbList","@id":"https:\/\/realhelp.hu\/koltoztetes-ingatlan-felkeszites-home-staging\/#breadcrumb","itemListElement":[{"@type":"ListItem","position":1,"name":"Kezd\u0151lap","item":"https:\/\/realhelp.hu\/"},{"@type":"ListItem","position":2,"name":"K\u00f6lt\u00f6ztet\u00e9s, ingatlan felk\u00e9sz\u00edt\u00e9s, home staging"}]},{"@type":"WebSite","@id":"https:\/\/realhelp.hu\/#website","url":"https:\/\/realhelp.hu\/","name":"Realhelp","description":"Lak\u00e1skezel\u00e9s fels\u0151fokon","publisher":{"@id":"https:\/\/realhelp.hu\/#organization"},"potentialAction":[{"@type":"SearchAction","target":{"@type":"EntryPoint","urlTemplate":"https:\/\/realhelp.hu\/?s={search_term_string}"},"query-input":{"@type":"PropertyValueSpecification","valueRequired":true,"valueName":"search_term_string"}}],"inLanguage":"en-GB"},{"@type":"Organization","@id":"https:\/\/realhelp.hu\/#organization","name":"Realhelp","url":"https:\/\/realhelp.hu\/","logo":{"@type":"ImageObject","inLanguage":"en-GB","@id":"https:\/\/realhelp.hu\/#\/schema\/logo\/image\/","url":"https:\/\/realhelp.hu\/wp-content\/uploads\/2022\/04\/RealHelp_logo_Horizontal_BWinvers_opt.png","contentUrl":"https:\/\/realhelp.hu\/wp-content\/uploads\/2022\/04\/RealHelp_logo_Horizontal_BWinvers_opt.png","width":307,"height":103,"caption":"Realhelp"},"image":{"@id":"https:\/\/realhelp.hu\/#\/schema\/logo\/image\/"}}]}},"_links":{"self":[{"href":"https:\/\/realhelp.hu\/en\/wp-json\/wp\/v2\/pages\/1380","targetHints":{"allow":["GET"]}}],"collection":[{"href":"https:\/\/realhelp.hu\/en\/wp-json\/wp\/v2\/pages"}],"about":[{"href":"https:\/\/realhelp.hu\/en\/wp-json\/wp\/v2\/types\/page"}],"author":[{"embeddable":true,"href":"https:\/\/realhelp.hu\/en\/wp-json\/wp\/v2\/users\/1"}],"replies":[{"embeddable":true,"href":"https:\/\/realhelp.hu\/en\/wp-json\/wp\/v2\/comments?post=1380"}],"version-history":[{"count":0,"href":"https:\/\/realhelp.hu\/en\/wp-json\/wp\/v2\/pages\/1380\/revisions"}],"wp:attachment":[{"href":"https:\/\/realhelp.hu\/en\/wp-json\/wp\/v2\/media?parent=1380"}],"curies":[{"name":"wp","href":"https:\/\/api.w.org\/{rel}","templated":true}]}}