{"id":1374,"date":"2022-05-04T16:39:43","date_gmt":"2022-05-04T16:39:43","guid":{"rendered":"https:\/\/realhelp.hu\/?page_id=1374"},"modified":"2024-07-27T13:27:07","modified_gmt":"2024-07-27T13:27:07","slug":"energetikai-tanusitvany-muszaki-velemenyezes","status":"publish","type":"page","link":"https:\/\/realhelp.hu\/en\/energetikai-tanusitvany-muszaki-velemenyezes\/","title":{"rendered":"Energy certification, technical opinion"},"content":{"rendered":"<div data-elementor-type=\"wp-page\" data-elementor-id=\"1374\" class=\"elementor elementor-1374\">\n\t\t\t\t\t\t<section class=\"elementor-section elementor-top-section elementor-element elementor-element-4b80d4fd head-height elementor-section-boxed elementor-section-height-default elementor-section-height-default\" data-id=\"4b80d4fd\" data-element_type=\"section\" data-e-type=\"section\" data-settings=\"{&quot;background_background&quot;:&quot;classic&quot;}\">\n\t\t\t\t\t\t\t<div class=\"elementor-background-overlay\"><\/div>\n\t\t\t\t\t\t\t<div class=\"elementor-container elementor-column-gap-default\">\n\t\t\t\t\t<div class=\"elementor-column elementor-col-100 elementor-top-column elementor-element elementor-element-390a16a5\" data-id=\"390a16a5\" data-element_type=\"column\" data-e-type=\"column\">\n\t\t\t<div class=\"elementor-widget-wrap elementor-element-populated\">\n\t\t\t\t\t\t<div class=\"elementor-element elementor-element-abbf27d elementor-invisible elementor-widget elementor-widget-heading\" data-id=\"abbf27d\" data-element_type=\"widget\" data-e-type=\"widget\" data-settings=\"{&quot;_animation&quot;:&quot;fadeIn&quot;}\" data-widget_type=\"heading.default\">\n\t\t\t\t\t<h2 class=\"elementor-heading-title elementor-size-default\">Energy certification, technical opinion<\/h2>\t\t\t\t<\/div>\n\t\t\t\t\t<\/div>\n\t\t<\/div>\n\t\t\t\t\t<\/div>\n\t\t<\/section>\n\t\t\t\t<section class=\"elementor-section elementor-top-section elementor-element elementor-element-52032e2 elementor-section-boxed elementor-section-height-default elementor-section-height-default\" data-id=\"52032e2\" data-element_type=\"section\" data-e-type=\"section\" data-settings=\"{&quot;background_background&quot;:&quot;classic&quot;}\">\n\t\t\t\t\t\t<div class=\"elementor-container elementor-column-gap-wider\">\n\t\t\t\t\t<div class=\"elementor-column elementor-col-100 elementor-top-column elementor-element elementor-element-7eb028f\" data-id=\"7eb028f\" data-element_type=\"column\" data-e-type=\"column\">\n\t\t\t<div class=\"elementor-widget-wrap elementor-element-populated\">\n\t\t\t\t\t\t<div class=\"elementor-element elementor-element-a353d1a elementor-widget elementor-widget-image\" data-id=\"a353d1a\" data-element_type=\"widget\" data-e-type=\"widget\" data-widget_type=\"image.default\">\n\t\t\t\t\t\t\t\t\t\t\t\t\t\t\t<img decoding=\"async\" width=\"150\" height=\"150\" src=\"https:\/\/realhelp.hu\/wp-content\/uploads\/2022\/04\/icon_Artboard-2_3-150x150.png\" class=\"attachment-thumbnail size-thumbnail wp-image-62\" alt=\"\" srcset=\"https:\/\/realhelp.hu\/wp-content\/uploads\/2022\/04\/icon_Artboard-2_3-150x150.png 150w, https:\/\/realhelp.hu\/wp-content\/uploads\/2022\/04\/icon_Artboard-2_3-300x300.png 300w, https:\/\/realhelp.hu\/wp-content\/uploads\/2022\/04\/icon_Artboard-2_3-1024x1024.png 1024w, https:\/\/realhelp.hu\/wp-content\/uploads\/2022\/04\/icon_Artboard-2_3-768x768.png 768w, https:\/\/realhelp.hu\/wp-content\/uploads\/2022\/04\/icon_Artboard-2_3-1536x1536.png 1536w, https:\/\/realhelp.hu\/wp-content\/uploads\/2022\/04\/icon_Artboard-2_3.png 2000w\" sizes=\"(max-width: 150px) 100vw, 150px\" \/>\t\t\t\t\t\t\t\t\t\t\t\t\t\t\t<\/div>\n\t\t\t\t<div class=\"elementor-element elementor-element-41bd1c6a elementor-invisible elementor-widget elementor-widget-text-editor\" data-id=\"41bd1c6a\" data-element_type=\"widget\" data-e-type=\"widget\" data-settings=\"{&quot;_animation&quot;:&quot;fadeInUp&quot;,&quot;_animation_delay&quot;:400}\" data-widget_type=\"text-editor.default\">\n\t\t\t\t\t\t\t\t\t<p class=\"translation-block\">From a simple energy certificate - which we can provide quickly, easily and cheaply with our partners - to static and technical opinions, we are at our clients' disposal.<\/p>\t\t\t\t\t\t\t\t<\/div>\n\t\t\t\t\t<\/div>\n\t\t<\/div>\n\t\t\t\t\t<\/div>\n\t\t<\/section>\n\t\t\t\t<section class=\"elementor-section elementor-top-section elementor-element elementor-element-32c134c5 elementor-section-boxed elementor-section-height-default elementor-section-height-default\" data-id=\"32c134c5\" data-element_type=\"section\" data-e-type=\"section\">\n\t\t\t\t\t\t<div class=\"elementor-container elementor-column-gap-default\">\n\t\t\t\t\t<div class=\"elementor-column elementor-col-100 elementor-top-column elementor-element elementor-element-5fda1f05\" data-id=\"5fda1f05\" data-element_type=\"column\" data-e-type=\"column\">\n\t\t\t<div class=\"elementor-widget-wrap\">\n\t\t\t\t\t\t\t<\/div>\n\t\t<\/div>\n\t\t\t\t\t<\/div>\n\t\t<\/section>\n\t\t\t\t<section class=\"elementor-section elementor-top-section elementor-element elementor-element-3b7ca4ab elementor-section-boxed elementor-section-height-default elementor-section-height-default\" data-id=\"3b7ca4ab\" data-element_type=\"section\" data-e-type=\"section\" data-settings=\"{&quot;background_background&quot;:&quot;classic&quot;}\">\n\t\t\t\t\t\t\t<div class=\"elementor-background-overlay\"><\/div>\n\t\t\t\t\t\t\t<div class=\"elementor-container elementor-column-gap-default\">\n\t\t\t\t\t<div class=\"elementor-column elementor-col-50 elementor-top-column elementor-element elementor-element-2544fc06\" data-id=\"2544fc06\" data-element_type=\"column\" data-e-type=\"column\">\n\t\t\t<div class=\"elementor-widget-wrap elementor-element-populated\">\n\t\t\t\t\t\t<div class=\"elementor-element elementor-element-2bfb345d elementor-invisible elementor-widget elementor-widget-heading\" data-id=\"2bfb345d\" data-element_type=\"widget\" data-e-type=\"widget\" data-settings=\"{&quot;_animation&quot;:&quot;fadeInUp&quot;,&quot;_animation_delay&quot;:200}\" data-widget_type=\"heading.default\">\n\t\t\t\t\t<h2 class=\"elementor-heading-title elementor-size-default\">Contact us with confidence!<\/h2>\t\t\t\t<\/div>\n\t\t\t\t<div class=\"elementor-element elementor-element-3bd63b24 elementor-widget-divider--view-line elementor-invisible elementor-widget elementor-widget-divider\" data-id=\"3bd63b24\" data-element_type=\"widget\" data-e-type=\"widget\" data-settings=\"{&quot;_animation&quot;:&quot;fadeInLeft&quot;,&quot;_animation_delay&quot;:400}\" data-widget_type=\"divider.default\">\n\t\t\t\t\t\t\t<div class=\"elementor-divider\">\n\t\t\t<span class=\"elementor-divider-separator\">\n\t\t\t\t\t\t<\/span>\n\t\t<\/div>\n\t\t\t\t\t\t<\/div>\n\t\t\t\t<div class=\"elementor-element elementor-element-6d27499c elementor-invisible elementor-widget elementor-widget-text-editor\" data-id=\"6d27499c\" data-element_type=\"widget\" data-e-type=\"widget\" data-settings=\"{&quot;_animation&quot;:&quot;fadeInLeft&quot;,&quot;_animation_delay&quot;:600}\" data-widget_type=\"text-editor.default\">\n\t\t\t\t\t\t\t\t\t<p>Fill in the form on the right and our staff will contact you as soon as possible. We look forward to receiving your application!<\/p>\t\t\t\t\t\t\t\t<\/div>\n\t\t\t\t\t<\/div>\n\t\t<\/div>\n\t\t\t\t<div class=\"elementor-column elementor-col-50 elementor-top-column elementor-element elementor-element-7a007823\" data-id=\"7a007823\" data-element_type=\"column\" data-e-type=\"column\" data-settings=\"{&quot;background_background&quot;:&quot;classic&quot;}\">\n\t\t\t<div class=\"elementor-widget-wrap\">\n\t\t\t\t\t\t\t<\/div>\n\t\t<\/div>\n\t\t\t\t\t<\/div>\n\t\t<\/section>\n\t\t\t\t<\/div>","protected":false},"excerpt":{"rendered":"<p>Energetikai tan\u00fas\u00edtv\u00e1ny, m\u0171szaki v\u00e9lem\u00e9nyez\u00e9s Egyszer\u0171 energetikai tan\u00fas\u00edtv\u00e1nyt\u00f3l kezdve \u2013 amit partner\u00fcnkkel kedvez\u0151en, k\u00f6nnyed\u00e9n \u00e9s gyorsan tudunk biztos\u00edtani \u2013, eg\u00e9szen statikai \u00e9s m\u0171szaki v\u00e9lem\u00e9nyez\u00e9sig, \u00e1llunk \u00dcgyfeleink rendelkez\u00e9s\u00e9re. L\u00c9PJEN VEL\u00dcNK KAPCSOLATBA! Kattintson ide! Forduljon hozz\u00e1nk bizalommal! T\u00f6ltse ki a jobb oldali t\u00e1bl\u00e1zatot, \u00e9s munkat\u00e1rsaink a lehet\u0151 leghamarabb felveszik \u00d6nnel a kapcsolatot azon az el\u00e9rhet\u0151s\u00e9gen, amelyet megjel\u00f6lt. \u00d6r\u00f6mmel [&hellip;]<\/p>\n","protected":false},"author":1,"featured_media":0,"parent":0,"menu_order":0,"comment_status":"closed","ping_status":"closed","template":"elementor_header_footer","meta":{"footnotes":""},"class_list":["post-1374","page","type-page","status-publish","hentry"],"yoast_head":"<!-- This site is optimized with the Yoast SEO plugin v27.3 - https:\/\/yoast.com\/product\/yoast-seo-wordpress\/ -->\n<title>Energetikai tan\u00fas\u00edtv\u00e1ny, m\u0171szaki v\u00e9lem\u00e9nyez\u00e9s - Realhelp<\/title>\n<meta name=\"robots\" content=\"index, follow, max-snippet:-1, max-image-preview:large, max-video-preview:-1\" \/>\n<link rel=\"canonical\" href=\"https:\/\/realhelp.hu\/en\/energetikai-tanusitvany-muszaki-velemenyezes\/\" \/>\n<meta property=\"og:locale\" content=\"en_GB\" \/>\n<meta property=\"og:type\" content=\"article\" \/>\n<meta property=\"og:title\" content=\"Energetikai tan\u00fas\u00edtv\u00e1ny, m\u0171szaki v\u00e9lem\u00e9nyez\u00e9s - Realhelp\" \/>\n<meta property=\"og:description\" content=\"Energetikai tan\u00fas\u00edtv\u00e1ny, m\u0171szaki v\u00e9lem\u00e9nyez\u00e9s Egyszer\u0171 energetikai tan\u00fas\u00edtv\u00e1nyt\u00f3l kezdve \u2013 amit partner\u00fcnkkel kedvez\u0151en, k\u00f6nnyed\u00e9n \u00e9s gyorsan tudunk biztos\u00edtani \u2013, eg\u00e9szen statikai \u00e9s m\u0171szaki v\u00e9lem\u00e9nyez\u00e9sig, \u00e1llunk \u00dcgyfeleink rendelkez\u00e9s\u00e9re. L\u00c9PJEN VEL\u00dcNK KAPCSOLATBA! Kattintson ide! Forduljon hozz\u00e1nk bizalommal! T\u00f6ltse ki a jobb oldali t\u00e1bl\u00e1zatot, \u00e9s munkat\u00e1rsaink a lehet\u0151 leghamarabb felveszik \u00d6nnel a kapcsolatot azon az el\u00e9rhet\u0151s\u00e9gen, amelyet megjel\u00f6lt. \u00d6r\u00f6mmel [&hellip;]\" \/>\n<meta property=\"og:url\" content=\"https:\/\/realhelp.hu\/en\/energetikai-tanusitvany-muszaki-velemenyezes\/\" \/>\n<meta property=\"og:site_name\" content=\"Realhelp\" \/>\n<meta property=\"article:modified_time\" content=\"2024-07-27T13:27:07+00:00\" \/>\n<meta property=\"og:image\" content=\"https:\/\/realhelp.hu\/wp-content\/uploads\/2022\/04\/icon_Artboard-2_3-150x150.png\" \/>\n<meta name=\"twitter:card\" content=\"summary_large_image\" \/>\n<meta name=\"twitter:label1\" content=\"Estimated reading time\" \/>\n\t<meta name=\"twitter:data1\" content=\"2 minutes\" \/>\n<script type=\"application\/ld+json\" class=\"yoast-schema-graph\">{\"@context\":\"https:\\\/\\\/schema.org\",\"@graph\":[{\"@type\":\"WebPage\",\"@id\":\"https:\\\/\\\/realhelp.hu\\\/energetikai-tanusitvany-muszaki-velemenyezes\\\/\",\"url\":\"https:\\\/\\\/realhelp.hu\\\/energetikai-tanusitvany-muszaki-velemenyezes\\\/\",\"name\":\"Energetikai tan\u00fas\u00edtv\u00e1ny, m\u0171szaki v\u00e9lem\u00e9nyez\u00e9s - Realhelp\",\"isPartOf\":{\"@id\":\"https:\\\/\\\/realhelp.hu\\\/#website\"},\"primaryImageOfPage\":{\"@id\":\"https:\\\/\\\/realhelp.hu\\\/energetikai-tanusitvany-muszaki-velemenyezes\\\/#primaryimage\"},\"image\":{\"@id\":\"https:\\\/\\\/realhelp.hu\\\/energetikai-tanusitvany-muszaki-velemenyezes\\\/#primaryimage\"},\"thumbnailUrl\":\"https:\\\/\\\/realhelp.hu\\\/wp-content\\\/uploads\\\/2022\\\/04\\\/icon_Artboard-2_3-150x150.png\",\"datePublished\":\"2022-05-04T16:39:43+00:00\",\"dateModified\":\"2024-07-27T13:27:07+00:00\",\"breadcrumb\":{\"@id\":\"https:\\\/\\\/realhelp.hu\\\/energetikai-tanusitvany-muszaki-velemenyezes\\\/#breadcrumb\"},\"inLanguage\":\"en-GB\",\"potentialAction\":[{\"@type\":\"ReadAction\",\"target\":[\"https:\\\/\\\/realhelp.hu\\\/energetikai-tanusitvany-muszaki-velemenyezes\\\/\"]}]},{\"@type\":\"ImageObject\",\"inLanguage\":\"en-GB\",\"@id\":\"https:\\\/\\\/realhelp.hu\\\/energetikai-tanusitvany-muszaki-velemenyezes\\\/#primaryimage\",\"url\":\"https:\\\/\\\/realhelp.hu\\\/wp-content\\\/uploads\\\/2022\\\/04\\\/icon_Artboard-2_3-150x150.png\",\"contentUrl\":\"https:\\\/\\\/realhelp.hu\\\/wp-content\\\/uploads\\\/2022\\\/04\\\/icon_Artboard-2_3-150x150.png\"},{\"@type\":\"BreadcrumbList\",\"@id\":\"https:\\\/\\\/realhelp.hu\\\/energetikai-tanusitvany-muszaki-velemenyezes\\\/#breadcrumb\",\"itemListElement\":[{\"@type\":\"ListItem\",\"position\":1,\"name\":\"Kezd\u0151lap\",\"item\":\"https:\\\/\\\/realhelp.hu\\\/\"},{\"@type\":\"ListItem\",\"position\":2,\"name\":\"Energetikai tan\u00fas\u00edtv\u00e1ny, m\u0171szaki v\u00e9lem\u00e9nyez\u00e9s\"}]},{\"@type\":\"WebSite\",\"@id\":\"https:\\\/\\\/realhelp.hu\\\/#website\",\"url\":\"https:\\\/\\\/realhelp.hu\\\/\",\"name\":\"Realhelp\",\"description\":\"Lak\u00e1skezel\u00e9s fels\u0151fokon\",\"publisher\":{\"@id\":\"https:\\\/\\\/realhelp.hu\\\/#organization\"},\"potentialAction\":[{\"@type\":\"SearchAction\",\"target\":{\"@type\":\"EntryPoint\",\"urlTemplate\":\"https:\\\/\\\/realhelp.hu\\\/?s={search_term_string}\"},\"query-input\":{\"@type\":\"PropertyValueSpecification\",\"valueRequired\":true,\"valueName\":\"search_term_string\"}}],\"inLanguage\":\"en-GB\"},{\"@type\":\"Organization\",\"@id\":\"https:\\\/\\\/realhelp.hu\\\/#organization\",\"name\":\"Realhelp\",\"url\":\"https:\\\/\\\/realhelp.hu\\\/\",\"logo\":{\"@type\":\"ImageObject\",\"inLanguage\":\"en-GB\",\"@id\":\"https:\\\/\\\/realhelp.hu\\\/#\\\/schema\\\/logo\\\/image\\\/\",\"url\":\"https:\\\/\\\/realhelp.hu\\\/wp-content\\\/uploads\\\/2022\\\/04\\\/RealHelp_logo_Horizontal_BWinvers_opt.png\",\"contentUrl\":\"https:\\\/\\\/realhelp.hu\\\/wp-content\\\/uploads\\\/2022\\\/04\\\/RealHelp_logo_Horizontal_BWinvers_opt.png\",\"width\":307,\"height\":103,\"caption\":\"Realhelp\"},\"image\":{\"@id\":\"https:\\\/\\\/realhelp.hu\\\/#\\\/schema\\\/logo\\\/image\\\/\"}}]}<\/script>\n<!-- \/ Yoast SEO plugin. -->","yoast_head_json":{"title":"Energetikai tan\u00fas\u00edtv\u00e1ny, m\u0171szaki v\u00e9lem\u00e9nyez\u00e9s - Realhelp","robots":{"index":"index","follow":"follow","max-snippet":"max-snippet:-1","max-image-preview":"max-image-preview:large","max-video-preview":"max-video-preview:-1"},"canonical":"https:\/\/realhelp.hu\/en\/energetikai-tanusitvany-muszaki-velemenyezes\/","og_locale":"en_GB","og_type":"article","og_title":"Energetikai tan\u00fas\u00edtv\u00e1ny, m\u0171szaki v\u00e9lem\u00e9nyez\u00e9s - Realhelp","og_description":"Energetikai tan\u00fas\u00edtv\u00e1ny, m\u0171szaki v\u00e9lem\u00e9nyez\u00e9s Egyszer\u0171 energetikai tan\u00fas\u00edtv\u00e1nyt\u00f3l kezdve \u2013 amit partner\u00fcnkkel kedvez\u0151en, k\u00f6nnyed\u00e9n \u00e9s gyorsan tudunk biztos\u00edtani \u2013, eg\u00e9szen statikai \u00e9s m\u0171szaki v\u00e9lem\u00e9nyez\u00e9sig, \u00e1llunk \u00dcgyfeleink rendelkez\u00e9s\u00e9re. L\u00c9PJEN VEL\u00dcNK KAPCSOLATBA! Kattintson ide! Forduljon hozz\u00e1nk bizalommal! T\u00f6ltse ki a jobb oldali t\u00e1bl\u00e1zatot, \u00e9s munkat\u00e1rsaink a lehet\u0151 leghamarabb felveszik \u00d6nnel a kapcsolatot azon az el\u00e9rhet\u0151s\u00e9gen, amelyet megjel\u00f6lt. \u00d6r\u00f6mmel [&hellip;]","og_url":"https:\/\/realhelp.hu\/en\/energetikai-tanusitvany-muszaki-velemenyezes\/","og_site_name":"Realhelp","article_modified_time":"2024-07-27T13:27:07+00:00","og_image":[{"url":"https:\/\/realhelp.hu\/wp-content\/uploads\/2022\/04\/icon_Artboard-2_3-150x150.png","type":"","width":"","height":""}],"twitter_card":"summary_large_image","twitter_misc":{"Estimated reading time":"2 minutes"},"schema":{"@context":"https:\/\/schema.org","@graph":[{"@type":"WebPage","@id":"https:\/\/realhelp.hu\/energetikai-tanusitvany-muszaki-velemenyezes\/","url":"https:\/\/realhelp.hu\/energetikai-tanusitvany-muszaki-velemenyezes\/","name":"Energetikai tan\u00fas\u00edtv\u00e1ny, m\u0171szaki v\u00e9lem\u00e9nyez\u00e9s - Realhelp","isPartOf":{"@id":"https:\/\/realhelp.hu\/#website"},"primaryImageOfPage":{"@id":"https:\/\/realhelp.hu\/energetikai-tanusitvany-muszaki-velemenyezes\/#primaryimage"},"image":{"@id":"https:\/\/realhelp.hu\/energetikai-tanusitvany-muszaki-velemenyezes\/#primaryimage"},"thumbnailUrl":"https:\/\/realhelp.hu\/wp-content\/uploads\/2022\/04\/icon_Artboard-2_3-150x150.png","datePublished":"2022-05-04T16:39:43+00:00","dateModified":"2024-07-27T13:27:07+00:00","breadcrumb":{"@id":"https:\/\/realhelp.hu\/energetikai-tanusitvany-muszaki-velemenyezes\/#breadcrumb"},"inLanguage":"en-GB","potentialAction":[{"@type":"ReadAction","target":["https:\/\/realhelp.hu\/energetikai-tanusitvany-muszaki-velemenyezes\/"]}]},{"@type":"ImageObject","inLanguage":"en-GB","@id":"https:\/\/realhelp.hu\/energetikai-tanusitvany-muszaki-velemenyezes\/#primaryimage","url":"https:\/\/realhelp.hu\/wp-content\/uploads\/2022\/04\/icon_Artboard-2_3-150x150.png","contentUrl":"https:\/\/realhelp.hu\/wp-content\/uploads\/2022\/04\/icon_Artboard-2_3-150x150.png"},{"@type":"BreadcrumbList","@id":"https:\/\/realhelp.hu\/energetikai-tanusitvany-muszaki-velemenyezes\/#breadcrumb","itemListElement":[{"@type":"ListItem","position":1,"name":"Kezd\u0151lap","item":"https:\/\/realhelp.hu\/"},{"@type":"ListItem","position":2,"name":"Energetikai tan\u00fas\u00edtv\u00e1ny, m\u0171szaki v\u00e9lem\u00e9nyez\u00e9s"}]},{"@type":"WebSite","@id":"https:\/\/realhelp.hu\/#website","url":"https:\/\/realhelp.hu\/","name":"Realhelp","description":"Lak\u00e1skezel\u00e9s fels\u0151fokon","publisher":{"@id":"https:\/\/realhelp.hu\/#organization"},"potentialAction":[{"@type":"SearchAction","target":{"@type":"EntryPoint","urlTemplate":"https:\/\/realhelp.hu\/?s={search_term_string}"},"query-input":{"@type":"PropertyValueSpecification","valueRequired":true,"valueName":"search_term_string"}}],"inLanguage":"en-GB"},{"@type":"Organization","@id":"https:\/\/realhelp.hu\/#organization","name":"Realhelp","url":"https:\/\/realhelp.hu\/","logo":{"@type":"ImageObject","inLanguage":"en-GB","@id":"https:\/\/realhelp.hu\/#\/schema\/logo\/image\/","url":"https:\/\/realhelp.hu\/wp-content\/uploads\/2022\/04\/RealHelp_logo_Horizontal_BWinvers_opt.png","contentUrl":"https:\/\/realhelp.hu\/wp-content\/uploads\/2022\/04\/RealHelp_logo_Horizontal_BWinvers_opt.png","width":307,"height":103,"caption":"Realhelp"},"image":{"@id":"https:\/\/realhelp.hu\/#\/schema\/logo\/image\/"}}]}},"_links":{"self":[{"href":"https:\/\/realhelp.hu\/en\/wp-json\/wp\/v2\/pages\/1374","targetHints":{"allow":["GET"]}}],"collection":[{"href":"https:\/\/realhelp.hu\/en\/wp-json\/wp\/v2\/pages"}],"about":[{"href":"https:\/\/realhelp.hu\/en\/wp-json\/wp\/v2\/types\/page"}],"author":[{"embeddable":true,"href":"https:\/\/realhelp.hu\/en\/wp-json\/wp\/v2\/users\/1"}],"replies":[{"embeddable":true,"href":"https:\/\/realhelp.hu\/en\/wp-json\/wp\/v2\/comments?post=1374"}],"version-history":[{"count":0,"href":"https:\/\/realhelp.hu\/en\/wp-json\/wp\/v2\/pages\/1374\/revisions"}],"wp:attachment":[{"href":"https:\/\/realhelp.hu\/en\/wp-json\/wp\/v2\/media?parent=1374"}],"curies":[{"name":"wp","href":"https:\/\/api.w.org\/{rel}","templated":true}]}}