{"id":1368,"date":"2022-05-04T16:34:01","date_gmt":"2022-05-04T16:34:01","guid":{"rendered":"https:\/\/realhelp.hu\/?page_id=1368"},"modified":"2024-07-27T13:32:27","modified_gmt":"2024-07-27T13:32:27","slug":"ugyved-kozjegyzo","status":"publish","type":"page","link":"https:\/\/realhelp.hu\/en\/ugyved-kozjegyzo\/","title":{"rendered":"Lawyer, notary"},"content":{"rendered":"<div data-elementor-type=\"wp-page\" data-elementor-id=\"1368\" class=\"elementor elementor-1368\">\n\t\t\t\t\t\t<section class=\"elementor-section elementor-top-section elementor-element elementor-element-2446bd63 head-height elementor-section-boxed elementor-section-height-default elementor-section-height-default\" data-id=\"2446bd63\" data-element_type=\"section\" data-e-type=\"section\" data-settings=\"{&quot;background_background&quot;:&quot;classic&quot;}\">\n\t\t\t\t\t\t\t<div class=\"elementor-background-overlay\"><\/div>\n\t\t\t\t\t\t\t<div class=\"elementor-container elementor-column-gap-default\">\n\t\t\t\t\t<div class=\"elementor-column elementor-col-100 elementor-top-column elementor-element elementor-element-710c623a\" data-id=\"710c623a\" data-element_type=\"column\" data-e-type=\"column\">\n\t\t\t<div class=\"elementor-widget-wrap elementor-element-populated\">\n\t\t\t\t\t\t<div class=\"elementor-element elementor-element-2eb3997 elementor-invisible elementor-widget elementor-widget-heading\" data-id=\"2eb3997\" data-element_type=\"widget\" data-e-type=\"widget\" data-settings=\"{&quot;_animation&quot;:&quot;fadeIn&quot;}\" data-widget_type=\"heading.default\">\n\t\t\t\t\t<h2 class=\"elementor-heading-title elementor-size-default\">Lawyer, notary<\/h2>\t\t\t\t<\/div>\n\t\t\t\t\t<\/div>\n\t\t<\/div>\n\t\t\t\t\t<\/div>\n\t\t<\/section>\n\t\t\t\t<section class=\"elementor-section elementor-top-section elementor-element elementor-element-615ce89f elementor-section-boxed elementor-section-height-default elementor-section-height-default\" data-id=\"615ce89f\" data-element_type=\"section\" data-e-type=\"section\" data-settings=\"{&quot;background_background&quot;:&quot;classic&quot;}\">\n\t\t\t\t\t\t<div class=\"elementor-container elementor-column-gap-wider\">\n\t\t\t\t\t<div class=\"elementor-column elementor-col-100 elementor-top-column elementor-element elementor-element-19118d1f\" data-id=\"19118d1f\" data-element_type=\"column\" data-e-type=\"column\">\n\t\t\t<div class=\"elementor-widget-wrap elementor-element-populated\">\n\t\t\t\t\t\t<div class=\"elementor-element elementor-element-7b4d28f5 elementor-widget elementor-widget-image\" data-id=\"7b4d28f5\" data-element_type=\"widget\" data-e-type=\"widget\" data-widget_type=\"image.default\">\n\t\t\t\t\t\t\t\t\t\t\t\t\t\t\t<img decoding=\"async\" width=\"150\" height=\"150\" src=\"https:\/\/realhelp.hu\/wp-content\/uploads\/2022\/04\/2-2-150x150.png\" class=\"attachment-thumbnail size-thumbnail wp-image-747\" alt=\"\" \/>\t\t\t\t\t\t\t\t\t\t\t\t\t\t\t<\/div>\n\t\t\t\t<div class=\"elementor-element elementor-element-3de4584e elementor-invisible elementor-widget elementor-widget-text-editor\" data-id=\"3de4584e\" data-element_type=\"widget\" data-e-type=\"widget\" data-settings=\"{&quot;_animation&quot;:&quot;fadeInUp&quot;,&quot;_animation_delay&quot;:400}\" data-widget_type=\"text-editor.default\">\n\t\t\t\t\t\t\t\t\t<p class=\"translation-block\">The Law Firm behind RealHelp has extensive knowledge and decades of experience in real estate law, including drafting sales contracts, real estate gift, inheritance, execution, litigation and many other real estate related legal issues.<\/p><p class=\"translation-block\">Our Law Office is ready to assist our clients with any real estate related legal questions, disputes or even to take so-called \"precautionary measures\" to avoid litigation.<\/p><p class=\"translation-block\">In many cases, our clients also seek our expertise in matters that are specifically the responsibility of a notary. In such cases, we are able to recommend a number of partners who have a proven track record of cooperation for our clients. In the context of letting a property, we consider it advisable and a preventive measure against subsequent litigation to make a so-called notarial declaration of vacancy, which can provide the landlord with a guarantee in the event of a default by the tenant.<\/p>\t\t\t\t\t\t\t\t<\/div>\n\t\t\t\t\t<\/div>\n\t\t<\/div>\n\t\t\t\t\t<\/div>\n\t\t<\/section>\n\t\t\t\t<section class=\"elementor-section elementor-top-section elementor-element elementor-element-2696d99e elementor-section-boxed elementor-section-height-default elementor-section-height-default\" data-id=\"2696d99e\" data-element_type=\"section\" data-e-type=\"section\">\n\t\t\t\t\t\t<div class=\"elementor-container elementor-column-gap-default\">\n\t\t\t\t\t<div class=\"elementor-column elementor-col-100 elementor-top-column elementor-element elementor-element-63b19660\" data-id=\"63b19660\" data-element_type=\"column\" data-e-type=\"column\">\n\t\t\t<div class=\"elementor-widget-wrap\">\n\t\t\t\t\t\t\t<\/div>\n\t\t<\/div>\n\t\t\t\t\t<\/div>\n\t\t<\/section>\n\t\t\t\t<section class=\"elementor-section elementor-top-section elementor-element elementor-element-44b9d1e elementor-section-boxed elementor-section-height-default elementor-section-height-default\" data-id=\"44b9d1e\" data-element_type=\"section\" data-e-type=\"section\" data-settings=\"{&quot;background_background&quot;:&quot;classic&quot;}\">\n\t\t\t\t\t\t\t<div class=\"elementor-background-overlay\"><\/div>\n\t\t\t\t\t\t\t<div class=\"elementor-container elementor-column-gap-default\">\n\t\t\t\t\t<div class=\"elementor-column elementor-col-50 elementor-top-column elementor-element elementor-element-697c54b4\" data-id=\"697c54b4\" data-element_type=\"column\" data-e-type=\"column\">\n\t\t\t<div class=\"elementor-widget-wrap elementor-element-populated\">\n\t\t\t\t\t\t<div class=\"elementor-element elementor-element-3f311280 elementor-invisible elementor-widget elementor-widget-heading\" data-id=\"3f311280\" data-element_type=\"widget\" data-e-type=\"widget\" data-settings=\"{&quot;_animation&quot;:&quot;fadeInUp&quot;,&quot;_animation_delay&quot;:200}\" data-widget_type=\"heading.default\">\n\t\t\t\t\t<h2 class=\"elementor-heading-title elementor-size-default\">Contact us with confidence!<\/h2>\t\t\t\t<\/div>\n\t\t\t\t<div class=\"elementor-element elementor-element-12019957 elementor-widget-divider--view-line elementor-invisible elementor-widget elementor-widget-divider\" data-id=\"12019957\" data-element_type=\"widget\" data-e-type=\"widget\" data-settings=\"{&quot;_animation&quot;:&quot;fadeInLeft&quot;,&quot;_animation_delay&quot;:400}\" data-widget_type=\"divider.default\">\n\t\t\t\t\t\t\t<div class=\"elementor-divider\">\n\t\t\t<span class=\"elementor-divider-separator\">\n\t\t\t\t\t\t<\/span>\n\t\t<\/div>\n\t\t\t\t\t\t<\/div>\n\t\t\t\t<div class=\"elementor-element elementor-element-50f9c42d elementor-invisible elementor-widget elementor-widget-text-editor\" data-id=\"50f9c42d\" data-element_type=\"widget\" data-e-type=\"widget\" data-settings=\"{&quot;_animation&quot;:&quot;fadeInLeft&quot;,&quot;_animation_delay&quot;:600}\" data-widget_type=\"text-editor.default\">\n\t\t\t\t\t\t\t\t\t<p>Fill in the form on the right and our staff will contact you as soon as possible. We look forward to receiving your application!<\/p>\t\t\t\t\t\t\t\t<\/div>\n\t\t\t\t\t<\/div>\n\t\t<\/div>\n\t\t\t\t<div class=\"elementor-column elementor-col-50 elementor-top-column elementor-element elementor-element-37be7469\" data-id=\"37be7469\" data-element_type=\"column\" data-e-type=\"column\" data-settings=\"{&quot;background_background&quot;:&quot;classic&quot;}\">\n\t\t\t<div class=\"elementor-widget-wrap\">\n\t\t\t\t\t\t\t<\/div>\n\t\t<\/div>\n\t\t\t\t\t<\/div>\n\t\t<\/section>\n\t\t\t\t<\/div>","protected":false},"excerpt":{"rendered":"<p>\u00dcgyv\u00e9d, k\u00f6zjegyz\u0151 A RealHelp h\u00e1tter\u00e9t ny\u00fajt\u00f3 \u00dcgyv\u00e9di Iroda sz\u00e9les k\u00f6r\u0171 ismerettel \u00e9s t\u00f6bb \u00e9vtizedes tapasztalattal rendelkezik ingatlanjogi k\u00e9rd\u00e9sekben, \u00fagymint ad\u00e1sv\u00e9teli szerz\u0151d\u00e9sek elk\u00e9sz\u00edt\u00e9se, ingatlan aj\u00e1nd\u00e9koz\u00e1si, \u00f6r\u00f6kl\u00e9si, v\u00e9grehajt\u00e1si, peres \u00e9s sz\u00e1mos egy\u00e9b ingatlanhoz kapcsolhat\u00f3 jogi k\u00e9rd\u00e9sben. \u00dcgyv\u00e9di Irod\u00e1nk k\u00e9szs\u00e9ggel \u00e1ll \u00dcgyfeleink rendelkez\u00e9s\u00e9re b\u00e1rmely, ingatlannal kapcsolatos jogi k\u00e9rd\u00e9s, jogvita, vagy \u00e9pp a jogvit\u00e1t elker\u00fclend\u0151 \u00fan. \u201e\u00f3vint\u00e9zked\u00e9sek\u201d megt\u00e9tele sor\u00e1n.\u00a0 [&hellip;]<\/p>\n","protected":false},"author":1,"featured_media":0,"parent":0,"menu_order":0,"comment_status":"closed","ping_status":"closed","template":"elementor_header_footer","meta":{"footnotes":""},"class_list":["post-1368","page","type-page","status-publish","hentry"],"yoast_head":"<!-- This site is optimized with the Yoast SEO plugin v27.3 - https:\/\/yoast.com\/product\/yoast-seo-wordpress\/ -->\n<title>\u00dcgyv\u00e9d, k\u00f6zjegyz\u0151 - Realhelp<\/title>\n<meta name=\"robots\" content=\"index, follow, max-snippet:-1, max-image-preview:large, max-video-preview:-1\" \/>\n<link rel=\"canonical\" href=\"https:\/\/realhelp.hu\/en\/ugyved-kozjegyzo\/\" \/>\n<meta property=\"og:locale\" content=\"en_GB\" \/>\n<meta property=\"og:type\" content=\"article\" \/>\n<meta property=\"og:title\" content=\"\u00dcgyv\u00e9d, k\u00f6zjegyz\u0151 - Realhelp\" \/>\n<meta property=\"og:description\" content=\"\u00dcgyv\u00e9d, k\u00f6zjegyz\u0151 A RealHelp h\u00e1tter\u00e9t ny\u00fajt\u00f3 \u00dcgyv\u00e9di Iroda sz\u00e9les k\u00f6r\u0171 ismerettel \u00e9s t\u00f6bb \u00e9vtizedes tapasztalattal rendelkezik ingatlanjogi k\u00e9rd\u00e9sekben, \u00fagymint ad\u00e1sv\u00e9teli szerz\u0151d\u00e9sek elk\u00e9sz\u00edt\u00e9se, ingatlan aj\u00e1nd\u00e9koz\u00e1si, \u00f6r\u00f6kl\u00e9si, v\u00e9grehajt\u00e1si, peres \u00e9s sz\u00e1mos egy\u00e9b ingatlanhoz kapcsolhat\u00f3 jogi k\u00e9rd\u00e9sben. \u00dcgyv\u00e9di Irod\u00e1nk k\u00e9szs\u00e9ggel \u00e1ll \u00dcgyfeleink rendelkez\u00e9s\u00e9re b\u00e1rmely, ingatlannal kapcsolatos jogi k\u00e9rd\u00e9s, jogvita, vagy \u00e9pp a jogvit\u00e1t elker\u00fclend\u0151 \u00fan. \u201e\u00f3vint\u00e9zked\u00e9sek\u201d megt\u00e9tele sor\u00e1n.\u00a0 [&hellip;]\" \/>\n<meta property=\"og:url\" content=\"https:\/\/realhelp.hu\/en\/ugyved-kozjegyzo\/\" \/>\n<meta property=\"og:site_name\" content=\"Realhelp\" \/>\n<meta property=\"article:modified_time\" content=\"2024-07-27T13:32:27+00:00\" \/>\n<meta property=\"og:image\" content=\"https:\/\/realhelp.hu\/wp-content\/uploads\/2022\/04\/2-2-150x150.png\" \/>\n<meta name=\"twitter:card\" content=\"summary_large_image\" \/>\n<meta name=\"twitter:label1\" content=\"Estimated reading time\" \/>\n\t<meta name=\"twitter:data1\" content=\"2 minutes\" \/>\n<script type=\"application\/ld+json\" class=\"yoast-schema-graph\">{\"@context\":\"https:\\\/\\\/schema.org\",\"@graph\":[{\"@type\":\"WebPage\",\"@id\":\"https:\\\/\\\/realhelp.hu\\\/ugyved-kozjegyzo\\\/\",\"url\":\"https:\\\/\\\/realhelp.hu\\\/ugyved-kozjegyzo\\\/\",\"name\":\"\u00dcgyv\u00e9d, k\u00f6zjegyz\u0151 - Realhelp\",\"isPartOf\":{\"@id\":\"https:\\\/\\\/realhelp.hu\\\/#website\"},\"primaryImageOfPage\":{\"@id\":\"https:\\\/\\\/realhelp.hu\\\/ugyved-kozjegyzo\\\/#primaryimage\"},\"image\":{\"@id\":\"https:\\\/\\\/realhelp.hu\\\/ugyved-kozjegyzo\\\/#primaryimage\"},\"thumbnailUrl\":\"https:\\\/\\\/realhelp.hu\\\/wp-content\\\/uploads\\\/2022\\\/04\\\/2-2-150x150.png\",\"datePublished\":\"2022-05-04T16:34:01+00:00\",\"dateModified\":\"2024-07-27T13:32:27+00:00\",\"breadcrumb\":{\"@id\":\"https:\\\/\\\/realhelp.hu\\\/ugyved-kozjegyzo\\\/#breadcrumb\"},\"inLanguage\":\"en-GB\",\"potentialAction\":[{\"@type\":\"ReadAction\",\"target\":[\"https:\\\/\\\/realhelp.hu\\\/ugyved-kozjegyzo\\\/\"]}]},{\"@type\":\"ImageObject\",\"inLanguage\":\"en-GB\",\"@id\":\"https:\\\/\\\/realhelp.hu\\\/ugyved-kozjegyzo\\\/#primaryimage\",\"url\":\"https:\\\/\\\/realhelp.hu\\\/wp-content\\\/uploads\\\/2022\\\/04\\\/2-2-150x150.png\",\"contentUrl\":\"https:\\\/\\\/realhelp.hu\\\/wp-content\\\/uploads\\\/2022\\\/04\\\/2-2-150x150.png\"},{\"@type\":\"BreadcrumbList\",\"@id\":\"https:\\\/\\\/realhelp.hu\\\/ugyved-kozjegyzo\\\/#breadcrumb\",\"itemListElement\":[{\"@type\":\"ListItem\",\"position\":1,\"name\":\"Kezd\u0151lap\",\"item\":\"https:\\\/\\\/realhelp.hu\\\/\"},{\"@type\":\"ListItem\",\"position\":2,\"name\":\"\u00dcgyv\u00e9d, k\u00f6zjegyz\u0151\"}]},{\"@type\":\"WebSite\",\"@id\":\"https:\\\/\\\/realhelp.hu\\\/#website\",\"url\":\"https:\\\/\\\/realhelp.hu\\\/\",\"name\":\"Realhelp\",\"description\":\"Lak\u00e1skezel\u00e9s fels\u0151fokon\",\"publisher\":{\"@id\":\"https:\\\/\\\/realhelp.hu\\\/#organization\"},\"potentialAction\":[{\"@type\":\"SearchAction\",\"target\":{\"@type\":\"EntryPoint\",\"urlTemplate\":\"https:\\\/\\\/realhelp.hu\\\/?s={search_term_string}\"},\"query-input\":{\"@type\":\"PropertyValueSpecification\",\"valueRequired\":true,\"valueName\":\"search_term_string\"}}],\"inLanguage\":\"en-GB\"},{\"@type\":\"Organization\",\"@id\":\"https:\\\/\\\/realhelp.hu\\\/#organization\",\"name\":\"Realhelp\",\"url\":\"https:\\\/\\\/realhelp.hu\\\/\",\"logo\":{\"@type\":\"ImageObject\",\"inLanguage\":\"en-GB\",\"@id\":\"https:\\\/\\\/realhelp.hu\\\/#\\\/schema\\\/logo\\\/image\\\/\",\"url\":\"https:\\\/\\\/realhelp.hu\\\/wp-content\\\/uploads\\\/2022\\\/04\\\/RealHelp_logo_Horizontal_BWinvers_opt.png\",\"contentUrl\":\"https:\\\/\\\/realhelp.hu\\\/wp-content\\\/uploads\\\/2022\\\/04\\\/RealHelp_logo_Horizontal_BWinvers_opt.png\",\"width\":307,\"height\":103,\"caption\":\"Realhelp\"},\"image\":{\"@id\":\"https:\\\/\\\/realhelp.hu\\\/#\\\/schema\\\/logo\\\/image\\\/\"}}]}<\/script>\n<!-- \/ Yoast SEO plugin. -->","yoast_head_json":{"title":"\u00dcgyv\u00e9d, k\u00f6zjegyz\u0151 - Realhelp","robots":{"index":"index","follow":"follow","max-snippet":"max-snippet:-1","max-image-preview":"max-image-preview:large","max-video-preview":"max-video-preview:-1"},"canonical":"https:\/\/realhelp.hu\/en\/ugyved-kozjegyzo\/","og_locale":"en_GB","og_type":"article","og_title":"\u00dcgyv\u00e9d, k\u00f6zjegyz\u0151 - Realhelp","og_description":"\u00dcgyv\u00e9d, k\u00f6zjegyz\u0151 A RealHelp h\u00e1tter\u00e9t ny\u00fajt\u00f3 \u00dcgyv\u00e9di Iroda sz\u00e9les k\u00f6r\u0171 ismerettel \u00e9s t\u00f6bb \u00e9vtizedes tapasztalattal rendelkezik ingatlanjogi k\u00e9rd\u00e9sekben, \u00fagymint ad\u00e1sv\u00e9teli szerz\u0151d\u00e9sek elk\u00e9sz\u00edt\u00e9se, ingatlan aj\u00e1nd\u00e9koz\u00e1si, \u00f6r\u00f6kl\u00e9si, v\u00e9grehajt\u00e1si, peres \u00e9s sz\u00e1mos egy\u00e9b ingatlanhoz kapcsolhat\u00f3 jogi k\u00e9rd\u00e9sben. \u00dcgyv\u00e9di Irod\u00e1nk k\u00e9szs\u00e9ggel \u00e1ll \u00dcgyfeleink rendelkez\u00e9s\u00e9re b\u00e1rmely, ingatlannal kapcsolatos jogi k\u00e9rd\u00e9s, jogvita, vagy \u00e9pp a jogvit\u00e1t elker\u00fclend\u0151 \u00fan. \u201e\u00f3vint\u00e9zked\u00e9sek\u201d megt\u00e9tele sor\u00e1n.\u00a0 [&hellip;]","og_url":"https:\/\/realhelp.hu\/en\/ugyved-kozjegyzo\/","og_site_name":"Realhelp","article_modified_time":"2024-07-27T13:32:27+00:00","og_image":[{"url":"https:\/\/realhelp.hu\/wp-content\/uploads\/2022\/04\/2-2-150x150.png","type":"","width":"","height":""}],"twitter_card":"summary_large_image","twitter_misc":{"Estimated reading time":"2 minutes"},"schema":{"@context":"https:\/\/schema.org","@graph":[{"@type":"WebPage","@id":"https:\/\/realhelp.hu\/ugyved-kozjegyzo\/","url":"https:\/\/realhelp.hu\/ugyved-kozjegyzo\/","name":"\u00dcgyv\u00e9d, k\u00f6zjegyz\u0151 - Realhelp","isPartOf":{"@id":"https:\/\/realhelp.hu\/#website"},"primaryImageOfPage":{"@id":"https:\/\/realhelp.hu\/ugyved-kozjegyzo\/#primaryimage"},"image":{"@id":"https:\/\/realhelp.hu\/ugyved-kozjegyzo\/#primaryimage"},"thumbnailUrl":"https:\/\/realhelp.hu\/wp-content\/uploads\/2022\/04\/2-2-150x150.png","datePublished":"2022-05-04T16:34:01+00:00","dateModified":"2024-07-27T13:32:27+00:00","breadcrumb":{"@id":"https:\/\/realhelp.hu\/ugyved-kozjegyzo\/#breadcrumb"},"inLanguage":"en-GB","potentialAction":[{"@type":"ReadAction","target":["https:\/\/realhelp.hu\/ugyved-kozjegyzo\/"]}]},{"@type":"ImageObject","inLanguage":"en-GB","@id":"https:\/\/realhelp.hu\/ugyved-kozjegyzo\/#primaryimage","url":"https:\/\/realhelp.hu\/wp-content\/uploads\/2022\/04\/2-2-150x150.png","contentUrl":"https:\/\/realhelp.hu\/wp-content\/uploads\/2022\/04\/2-2-150x150.png"},{"@type":"BreadcrumbList","@id":"https:\/\/realhelp.hu\/ugyved-kozjegyzo\/#breadcrumb","itemListElement":[{"@type":"ListItem","position":1,"name":"Kezd\u0151lap","item":"https:\/\/realhelp.hu\/"},{"@type":"ListItem","position":2,"name":"\u00dcgyv\u00e9d, k\u00f6zjegyz\u0151"}]},{"@type":"WebSite","@id":"https:\/\/realhelp.hu\/#website","url":"https:\/\/realhelp.hu\/","name":"Realhelp","description":"Lak\u00e1skezel\u00e9s fels\u0151fokon","publisher":{"@id":"https:\/\/realhelp.hu\/#organization"},"potentialAction":[{"@type":"SearchAction","target":{"@type":"EntryPoint","urlTemplate":"https:\/\/realhelp.hu\/?s={search_term_string}"},"query-input":{"@type":"PropertyValueSpecification","valueRequired":true,"valueName":"search_term_string"}}],"inLanguage":"en-GB"},{"@type":"Organization","@id":"https:\/\/realhelp.hu\/#organization","name":"Realhelp","url":"https:\/\/realhelp.hu\/","logo":{"@type":"ImageObject","inLanguage":"en-GB","@id":"https:\/\/realhelp.hu\/#\/schema\/logo\/image\/","url":"https:\/\/realhelp.hu\/wp-content\/uploads\/2022\/04\/RealHelp_logo_Horizontal_BWinvers_opt.png","contentUrl":"https:\/\/realhelp.hu\/wp-content\/uploads\/2022\/04\/RealHelp_logo_Horizontal_BWinvers_opt.png","width":307,"height":103,"caption":"Realhelp"},"image":{"@id":"https:\/\/realhelp.hu\/#\/schema\/logo\/image\/"}}]}},"_links":{"self":[{"href":"https:\/\/realhelp.hu\/en\/wp-json\/wp\/v2\/pages\/1368","targetHints":{"allow":["GET"]}}],"collection":[{"href":"https:\/\/realhelp.hu\/en\/wp-json\/wp\/v2\/pages"}],"about":[{"href":"https:\/\/realhelp.hu\/en\/wp-json\/wp\/v2\/types\/page"}],"author":[{"embeddable":true,"href":"https:\/\/realhelp.hu\/en\/wp-json\/wp\/v2\/users\/1"}],"replies":[{"embeddable":true,"href":"https:\/\/realhelp.hu\/en\/wp-json\/wp\/v2\/comments?post=1368"}],"version-history":[{"count":0,"href":"https:\/\/realhelp.hu\/en\/wp-json\/wp\/v2\/pages\/1368\/revisions"}],"wp:attachment":[{"href":"https:\/\/realhelp.hu\/en\/wp-json\/wp\/v2\/media?parent=1368"}],"curies":[{"name":"wp","href":"https:\/\/api.w.org\/{rel}","templated":true}]}}