{"id":1362,"date":"2022-05-04T16:31:33","date_gmt":"2022-05-04T16:31:33","guid":{"rendered":"https:\/\/realhelp.hu\/?page_id=1362"},"modified":"2024-07-27T13:29:17","modified_gmt":"2024-07-27T13:29:17","slug":"hitel-es-finanszirozas","status":"publish","type":"page","link":"https:\/\/realhelp.hu\/en\/hitel-es-finanszirozas\/","title":{"rendered":"Credit and financing"},"content":{"rendered":"<div data-elementor-type=\"wp-page\" data-elementor-id=\"1362\" class=\"elementor elementor-1362\">\n\t\t\t\t\t\t<section class=\"elementor-section elementor-top-section elementor-element elementor-element-304323e9 head-height elementor-section-boxed elementor-section-height-default elementor-section-height-default\" data-id=\"304323e9\" data-element_type=\"section\" data-e-type=\"section\" data-settings=\"{&quot;background_background&quot;:&quot;classic&quot;}\">\n\t\t\t\t\t\t\t<div class=\"elementor-background-overlay\"><\/div>\n\t\t\t\t\t\t\t<div class=\"elementor-container elementor-column-gap-default\">\n\t\t\t\t\t<div class=\"elementor-column elementor-col-100 elementor-top-column elementor-element elementor-element-61ebcd6f\" data-id=\"61ebcd6f\" data-element_type=\"column\" data-e-type=\"column\">\n\t\t\t<div class=\"elementor-widget-wrap elementor-element-populated\">\n\t\t\t\t\t\t<div class=\"elementor-element elementor-element-703f8238 elementor-invisible elementor-widget elementor-widget-heading\" data-id=\"703f8238\" data-element_type=\"widget\" data-e-type=\"widget\" data-settings=\"{&quot;_animation&quot;:&quot;fadeIn&quot;}\" data-widget_type=\"heading.default\">\n\t\t\t\t\t<h2 class=\"elementor-heading-title elementor-size-default\">Credit and financing<\/h2>\t\t\t\t<\/div>\n\t\t\t\t\t<\/div>\n\t\t<\/div>\n\t\t\t\t\t<\/div>\n\t\t<\/section>\n\t\t\t\t<section class=\"elementor-section elementor-top-section elementor-element elementor-element-3e9397e elementor-section-boxed elementor-section-height-default elementor-section-height-default\" data-id=\"3e9397e\" data-element_type=\"section\" data-e-type=\"section\" data-settings=\"{&quot;background_background&quot;:&quot;classic&quot;}\">\n\t\t\t\t\t\t<div class=\"elementor-container elementor-column-gap-wider\">\n\t\t\t\t\t<div class=\"elementor-column elementor-col-100 elementor-top-column elementor-element elementor-element-4bd295ff\" data-id=\"4bd295ff\" data-element_type=\"column\" data-e-type=\"column\">\n\t\t\t<div class=\"elementor-widget-wrap elementor-element-populated\">\n\t\t\t\t\t\t<div class=\"elementor-element elementor-element-22585770 elementor-widget elementor-widget-image\" data-id=\"22585770\" data-element_type=\"widget\" data-e-type=\"widget\" data-widget_type=\"image.default\">\n\t\t\t\t\t\t\t\t\t\t\t\t\t\t\t<img decoding=\"async\" width=\"150\" height=\"150\" src=\"https:\/\/realhelp.hu\/wp-content\/uploads\/2022\/04\/12-150x150.png\" class=\"attachment-thumbnail size-thumbnail wp-image-724\" alt=\"\" \/>\t\t\t\t\t\t\t\t\t\t\t\t\t\t\t<\/div>\n\t\t\t\t<div class=\"elementor-element elementor-element-7263e5f2 elementor-invisible elementor-widget elementor-widget-text-editor\" data-id=\"7263e5f2\" data-element_type=\"widget\" data-e-type=\"widget\" data-settings=\"{&quot;_animation&quot;:&quot;fadeInUp&quot;,&quot;_animation_delay&quot;:400}\" data-widget_type=\"text-editor.default\">\n\t\t\t\t\t\t\t\t\t<p><span style=\"font-weight: 400;\">Our clients' borrowing is assisted by an independent credit expert with a long track record in the field of lending, who will help them choose the best possible loan structure tailored to their needs and guide them through the entire lending process.<\/span><\/p>\t\t\t\t\t\t\t\t<\/div>\n\t\t\t\t\t<\/div>\n\t\t<\/div>\n\t\t\t\t\t<\/div>\n\t\t<\/section>\n\t\t\t\t<section class=\"elementor-section elementor-top-section elementor-element elementor-element-6310beeb elementor-section-boxed elementor-section-height-default elementor-section-height-default\" data-id=\"6310beeb\" data-element_type=\"section\" data-e-type=\"section\">\n\t\t\t\t\t\t<div class=\"elementor-container elementor-column-gap-default\">\n\t\t\t\t\t<div class=\"elementor-column elementor-col-100 elementor-top-column elementor-element elementor-element-79bdd5ca\" data-id=\"79bdd5ca\" data-element_type=\"column\" data-e-type=\"column\">\n\t\t\t<div class=\"elementor-widget-wrap\">\n\t\t\t\t\t\t\t<\/div>\n\t\t<\/div>\n\t\t\t\t\t<\/div>\n\t\t<\/section>\n\t\t\t\t<section class=\"elementor-section elementor-top-section elementor-element elementor-element-40c4ee6f elementor-section-boxed elementor-section-height-default elementor-section-height-default\" data-id=\"40c4ee6f\" data-element_type=\"section\" data-e-type=\"section\" data-settings=\"{&quot;background_background&quot;:&quot;classic&quot;}\">\n\t\t\t\t\t\t\t<div class=\"elementor-background-overlay\"><\/div>\n\t\t\t\t\t\t\t<div class=\"elementor-container elementor-column-gap-default\">\n\t\t\t\t\t<div class=\"elementor-column elementor-col-50 elementor-top-column elementor-element elementor-element-7fba5344\" data-id=\"7fba5344\" data-element_type=\"column\" data-e-type=\"column\">\n\t\t\t<div class=\"elementor-widget-wrap elementor-element-populated\">\n\t\t\t\t\t\t<div class=\"elementor-element elementor-element-6995f670 elementor-invisible elementor-widget elementor-widget-heading\" data-id=\"6995f670\" data-element_type=\"widget\" data-e-type=\"widget\" data-settings=\"{&quot;_animation&quot;:&quot;fadeInUp&quot;,&quot;_animation_delay&quot;:200}\" data-widget_type=\"heading.default\">\n\t\t\t\t\t<h2 class=\"elementor-heading-title elementor-size-default\">Contact us with confidence!<\/h2>\t\t\t\t<\/div>\n\t\t\t\t<div class=\"elementor-element elementor-element-333ed3f3 elementor-widget-divider--view-line elementor-invisible elementor-widget elementor-widget-divider\" data-id=\"333ed3f3\" data-element_type=\"widget\" data-e-type=\"widget\" data-settings=\"{&quot;_animation&quot;:&quot;fadeInLeft&quot;,&quot;_animation_delay&quot;:400}\" data-widget_type=\"divider.default\">\n\t\t\t\t\t\t\t<div class=\"elementor-divider\">\n\t\t\t<span class=\"elementor-divider-separator\">\n\t\t\t\t\t\t<\/span>\n\t\t<\/div>\n\t\t\t\t\t\t<\/div>\n\t\t\t\t<div class=\"elementor-element elementor-element-2e26e2c4 elementor-invisible elementor-widget elementor-widget-text-editor\" data-id=\"2e26e2c4\" data-element_type=\"widget\" data-e-type=\"widget\" data-settings=\"{&quot;_animation&quot;:&quot;fadeInLeft&quot;,&quot;_animation_delay&quot;:600}\" data-widget_type=\"text-editor.default\">\n\t\t\t\t\t\t\t\t\t<p>Fill in the form on the right and our staff will contact you as soon as possible. We look forward to receiving your application!<\/p>\t\t\t\t\t\t\t\t<\/div>\n\t\t\t\t\t<\/div>\n\t\t<\/div>\n\t\t\t\t<div class=\"elementor-column elementor-col-50 elementor-top-column elementor-element elementor-element-c381b96\" data-id=\"c381b96\" data-element_type=\"column\" data-e-type=\"column\" data-settings=\"{&quot;background_background&quot;:&quot;classic&quot;}\">\n\t\t\t<div class=\"elementor-widget-wrap\">\n\t\t\t\t\t\t\t<\/div>\n\t\t<\/div>\n\t\t\t\t\t<\/div>\n\t\t<\/section>\n\t\t\t\t<\/div>","protected":false},"excerpt":{"rendered":"<p>Hitel \u00e9s finansz\u00edroz\u00e1s \u00dcgyfeleink hitelfelv\u00e9tel\u00e9t egy f\u00fcggetlen, r\u00e9g\u00f3ta a hitelez\u00e9s ter\u00fclet\u00e9n tev\u00e9kenyked\u0151 hitelszak\u00e9rt\u0151 seg\u00edti a lehet\u0151 legjobb, \u00e9s az \u00fcgyf\u00e9l ig\u00e9nyeire szabott hitelkonstrukci\u00f3 kiv\u00e1laszt\u00e1s\u00e1ban, a teljes hitelez\u00e9si folyamat v\u00e9gigk\u00eds\u00e9r\u00e9s\u00e9ben. L\u00c9PJEN VEL\u00dcNK KAPCSOLATBA! Kattintson ide! Forduljon hozz\u00e1nk bizalommal! T\u00f6ltse ki a jobb oldali t\u00e1bl\u00e1zatot, \u00e9s munkat\u00e1rsaink a lehet\u0151 leghamarabb felveszik \u00d6nnel a kapcsolatot azon az el\u00e9rhet\u0151s\u00e9gen, [&hellip;]<\/p>\n","protected":false},"author":1,"featured_media":0,"parent":0,"menu_order":0,"comment_status":"closed","ping_status":"closed","template":"elementor_header_footer","meta":{"footnotes":""},"class_list":["post-1362","page","type-page","status-publish","hentry"],"yoast_head":"<!-- This site is optimized with the Yoast SEO plugin v27.3 - https:\/\/yoast.com\/product\/yoast-seo-wordpress\/ -->\n<title>Hitel \u00e9s finansz\u00edroz\u00e1s - Realhelp<\/title>\n<meta name=\"robots\" content=\"index, follow, max-snippet:-1, max-image-preview:large, max-video-preview:-1\" \/>\n<link rel=\"canonical\" href=\"https:\/\/realhelp.hu\/en\/hitel-es-finanszirozas\/\" \/>\n<meta property=\"og:locale\" content=\"en_GB\" \/>\n<meta property=\"og:type\" content=\"article\" \/>\n<meta property=\"og:title\" content=\"Hitel \u00e9s finansz\u00edroz\u00e1s - Realhelp\" \/>\n<meta property=\"og:description\" content=\"Hitel \u00e9s finansz\u00edroz\u00e1s \u00dcgyfeleink hitelfelv\u00e9tel\u00e9t egy f\u00fcggetlen, r\u00e9g\u00f3ta a hitelez\u00e9s ter\u00fclet\u00e9n tev\u00e9kenyked\u0151 hitelszak\u00e9rt\u0151 seg\u00edti a lehet\u0151 legjobb, \u00e9s az \u00fcgyf\u00e9l ig\u00e9nyeire szabott hitelkonstrukci\u00f3 kiv\u00e1laszt\u00e1s\u00e1ban, a teljes hitelez\u00e9si folyamat v\u00e9gigk\u00eds\u00e9r\u00e9s\u00e9ben. L\u00c9PJEN VEL\u00dcNK KAPCSOLATBA! Kattintson ide! Forduljon hozz\u00e1nk bizalommal! T\u00f6ltse ki a jobb oldali t\u00e1bl\u00e1zatot, \u00e9s munkat\u00e1rsaink a lehet\u0151 leghamarabb felveszik \u00d6nnel a kapcsolatot azon az el\u00e9rhet\u0151s\u00e9gen, [&hellip;]\" \/>\n<meta property=\"og:url\" content=\"https:\/\/realhelp.hu\/en\/hitel-es-finanszirozas\/\" \/>\n<meta property=\"og:site_name\" content=\"Realhelp\" \/>\n<meta property=\"article:modified_time\" content=\"2024-07-27T13:29:17+00:00\" \/>\n<meta property=\"og:image\" content=\"https:\/\/realhelp.hu\/wp-content\/uploads\/2022\/04\/12-150x150.png\" \/>\n<meta name=\"twitter:card\" content=\"summary_large_image\" \/>\n<meta name=\"twitter:label1\" content=\"Estimated reading time\" \/>\n\t<meta name=\"twitter:data1\" content=\"2 minutes\" \/>\n<script type=\"application\/ld+json\" class=\"yoast-schema-graph\">{\"@context\":\"https:\\\/\\\/schema.org\",\"@graph\":[{\"@type\":\"WebPage\",\"@id\":\"https:\\\/\\\/realhelp.hu\\\/hitel-es-finanszirozas\\\/\",\"url\":\"https:\\\/\\\/realhelp.hu\\\/hitel-es-finanszirozas\\\/\",\"name\":\"Hitel \u00e9s finansz\u00edroz\u00e1s - Realhelp\",\"isPartOf\":{\"@id\":\"https:\\\/\\\/realhelp.hu\\\/#website\"},\"primaryImageOfPage\":{\"@id\":\"https:\\\/\\\/realhelp.hu\\\/hitel-es-finanszirozas\\\/#primaryimage\"},\"image\":{\"@id\":\"https:\\\/\\\/realhelp.hu\\\/hitel-es-finanszirozas\\\/#primaryimage\"},\"thumbnailUrl\":\"https:\\\/\\\/realhelp.hu\\\/wp-content\\\/uploads\\\/2022\\\/04\\\/12-150x150.png\",\"datePublished\":\"2022-05-04T16:31:33+00:00\",\"dateModified\":\"2024-07-27T13:29:17+00:00\",\"breadcrumb\":{\"@id\":\"https:\\\/\\\/realhelp.hu\\\/hitel-es-finanszirozas\\\/#breadcrumb\"},\"inLanguage\":\"en-GB\",\"potentialAction\":[{\"@type\":\"ReadAction\",\"target\":[\"https:\\\/\\\/realhelp.hu\\\/hitel-es-finanszirozas\\\/\"]}]},{\"@type\":\"ImageObject\",\"inLanguage\":\"en-GB\",\"@id\":\"https:\\\/\\\/realhelp.hu\\\/hitel-es-finanszirozas\\\/#primaryimage\",\"url\":\"https:\\\/\\\/realhelp.hu\\\/wp-content\\\/uploads\\\/2022\\\/04\\\/12-150x150.png\",\"contentUrl\":\"https:\\\/\\\/realhelp.hu\\\/wp-content\\\/uploads\\\/2022\\\/04\\\/12-150x150.png\"},{\"@type\":\"BreadcrumbList\",\"@id\":\"https:\\\/\\\/realhelp.hu\\\/hitel-es-finanszirozas\\\/#breadcrumb\",\"itemListElement\":[{\"@type\":\"ListItem\",\"position\":1,\"name\":\"Kezd\u0151lap\",\"item\":\"https:\\\/\\\/realhelp.hu\\\/\"},{\"@type\":\"ListItem\",\"position\":2,\"name\":\"Hitel \u00e9s finansz\u00edroz\u00e1s\"}]},{\"@type\":\"WebSite\",\"@id\":\"https:\\\/\\\/realhelp.hu\\\/#website\",\"url\":\"https:\\\/\\\/realhelp.hu\\\/\",\"name\":\"Realhelp\",\"description\":\"Lak\u00e1skezel\u00e9s fels\u0151fokon\",\"publisher\":{\"@id\":\"https:\\\/\\\/realhelp.hu\\\/#organization\"},\"potentialAction\":[{\"@type\":\"SearchAction\",\"target\":{\"@type\":\"EntryPoint\",\"urlTemplate\":\"https:\\\/\\\/realhelp.hu\\\/?s={search_term_string}\"},\"query-input\":{\"@type\":\"PropertyValueSpecification\",\"valueRequired\":true,\"valueName\":\"search_term_string\"}}],\"inLanguage\":\"en-GB\"},{\"@type\":\"Organization\",\"@id\":\"https:\\\/\\\/realhelp.hu\\\/#organization\",\"name\":\"Realhelp\",\"url\":\"https:\\\/\\\/realhelp.hu\\\/\",\"logo\":{\"@type\":\"ImageObject\",\"inLanguage\":\"en-GB\",\"@id\":\"https:\\\/\\\/realhelp.hu\\\/#\\\/schema\\\/logo\\\/image\\\/\",\"url\":\"https:\\\/\\\/realhelp.hu\\\/wp-content\\\/uploads\\\/2022\\\/04\\\/RealHelp_logo_Horizontal_BWinvers_opt.png\",\"contentUrl\":\"https:\\\/\\\/realhelp.hu\\\/wp-content\\\/uploads\\\/2022\\\/04\\\/RealHelp_logo_Horizontal_BWinvers_opt.png\",\"width\":307,\"height\":103,\"caption\":\"Realhelp\"},\"image\":{\"@id\":\"https:\\\/\\\/realhelp.hu\\\/#\\\/schema\\\/logo\\\/image\\\/\"}}]}<\/script>\n<!-- \/ Yoast SEO plugin. -->","yoast_head_json":{"title":"Hitel \u00e9s finansz\u00edroz\u00e1s - Realhelp","robots":{"index":"index","follow":"follow","max-snippet":"max-snippet:-1","max-image-preview":"max-image-preview:large","max-video-preview":"max-video-preview:-1"},"canonical":"https:\/\/realhelp.hu\/en\/hitel-es-finanszirozas\/","og_locale":"en_GB","og_type":"article","og_title":"Hitel \u00e9s finansz\u00edroz\u00e1s - Realhelp","og_description":"Hitel \u00e9s finansz\u00edroz\u00e1s \u00dcgyfeleink hitelfelv\u00e9tel\u00e9t egy f\u00fcggetlen, r\u00e9g\u00f3ta a hitelez\u00e9s ter\u00fclet\u00e9n tev\u00e9kenyked\u0151 hitelszak\u00e9rt\u0151 seg\u00edti a lehet\u0151 legjobb, \u00e9s az \u00fcgyf\u00e9l ig\u00e9nyeire szabott hitelkonstrukci\u00f3 kiv\u00e1laszt\u00e1s\u00e1ban, a teljes hitelez\u00e9si folyamat v\u00e9gigk\u00eds\u00e9r\u00e9s\u00e9ben. L\u00c9PJEN VEL\u00dcNK KAPCSOLATBA! Kattintson ide! Forduljon hozz\u00e1nk bizalommal! T\u00f6ltse ki a jobb oldali t\u00e1bl\u00e1zatot, \u00e9s munkat\u00e1rsaink a lehet\u0151 leghamarabb felveszik \u00d6nnel a kapcsolatot azon az el\u00e9rhet\u0151s\u00e9gen, [&hellip;]","og_url":"https:\/\/realhelp.hu\/en\/hitel-es-finanszirozas\/","og_site_name":"Realhelp","article_modified_time":"2024-07-27T13:29:17+00:00","og_image":[{"url":"https:\/\/realhelp.hu\/wp-content\/uploads\/2022\/04\/12-150x150.png","type":"","width":"","height":""}],"twitter_card":"summary_large_image","twitter_misc":{"Estimated reading time":"2 minutes"},"schema":{"@context":"https:\/\/schema.org","@graph":[{"@type":"WebPage","@id":"https:\/\/realhelp.hu\/hitel-es-finanszirozas\/","url":"https:\/\/realhelp.hu\/hitel-es-finanszirozas\/","name":"Hitel \u00e9s finansz\u00edroz\u00e1s - Realhelp","isPartOf":{"@id":"https:\/\/realhelp.hu\/#website"},"primaryImageOfPage":{"@id":"https:\/\/realhelp.hu\/hitel-es-finanszirozas\/#primaryimage"},"image":{"@id":"https:\/\/realhelp.hu\/hitel-es-finanszirozas\/#primaryimage"},"thumbnailUrl":"https:\/\/realhelp.hu\/wp-content\/uploads\/2022\/04\/12-150x150.png","datePublished":"2022-05-04T16:31:33+00:00","dateModified":"2024-07-27T13:29:17+00:00","breadcrumb":{"@id":"https:\/\/realhelp.hu\/hitel-es-finanszirozas\/#breadcrumb"},"inLanguage":"en-GB","potentialAction":[{"@type":"ReadAction","target":["https:\/\/realhelp.hu\/hitel-es-finanszirozas\/"]}]},{"@type":"ImageObject","inLanguage":"en-GB","@id":"https:\/\/realhelp.hu\/hitel-es-finanszirozas\/#primaryimage","url":"https:\/\/realhelp.hu\/wp-content\/uploads\/2022\/04\/12-150x150.png","contentUrl":"https:\/\/realhelp.hu\/wp-content\/uploads\/2022\/04\/12-150x150.png"},{"@type":"BreadcrumbList","@id":"https:\/\/realhelp.hu\/hitel-es-finanszirozas\/#breadcrumb","itemListElement":[{"@type":"ListItem","position":1,"name":"Kezd\u0151lap","item":"https:\/\/realhelp.hu\/"},{"@type":"ListItem","position":2,"name":"Hitel \u00e9s finansz\u00edroz\u00e1s"}]},{"@type":"WebSite","@id":"https:\/\/realhelp.hu\/#website","url":"https:\/\/realhelp.hu\/","name":"Realhelp","description":"Lak\u00e1skezel\u00e9s fels\u0151fokon","publisher":{"@id":"https:\/\/realhelp.hu\/#organization"},"potentialAction":[{"@type":"SearchAction","target":{"@type":"EntryPoint","urlTemplate":"https:\/\/realhelp.hu\/?s={search_term_string}"},"query-input":{"@type":"PropertyValueSpecification","valueRequired":true,"valueName":"search_term_string"}}],"inLanguage":"en-GB"},{"@type":"Organization","@id":"https:\/\/realhelp.hu\/#organization","name":"Realhelp","url":"https:\/\/realhelp.hu\/","logo":{"@type":"ImageObject","inLanguage":"en-GB","@id":"https:\/\/realhelp.hu\/#\/schema\/logo\/image\/","url":"https:\/\/realhelp.hu\/wp-content\/uploads\/2022\/04\/RealHelp_logo_Horizontal_BWinvers_opt.png","contentUrl":"https:\/\/realhelp.hu\/wp-content\/uploads\/2022\/04\/RealHelp_logo_Horizontal_BWinvers_opt.png","width":307,"height":103,"caption":"Realhelp"},"image":{"@id":"https:\/\/realhelp.hu\/#\/schema\/logo\/image\/"}}]}},"_links":{"self":[{"href":"https:\/\/realhelp.hu\/en\/wp-json\/wp\/v2\/pages\/1362","targetHints":{"allow":["GET"]}}],"collection":[{"href":"https:\/\/realhelp.hu\/en\/wp-json\/wp\/v2\/pages"}],"about":[{"href":"https:\/\/realhelp.hu\/en\/wp-json\/wp\/v2\/types\/page"}],"author":[{"embeddable":true,"href":"https:\/\/realhelp.hu\/en\/wp-json\/wp\/v2\/users\/1"}],"replies":[{"embeddable":true,"href":"https:\/\/realhelp.hu\/en\/wp-json\/wp\/v2\/comments?post=1362"}],"version-history":[{"count":0,"href":"https:\/\/realhelp.hu\/en\/wp-json\/wp\/v2\/pages\/1362\/revisions"}],"wp:attachment":[{"href":"https:\/\/realhelp.hu\/en\/wp-json\/wp\/v2\/media?parent=1362"}],"curies":[{"name":"wp","href":"https:\/\/api.w.org\/{rel}","templated":true}]}}