{"id":1351,"date":"2022-05-04T16:24:22","date_gmt":"2022-05-04T16:24:22","guid":{"rendered":"https:\/\/realhelp.hu\/?page_id=1351"},"modified":"2024-07-27T13:29:41","modified_gmt":"2024-07-27T13:29:41","slug":"ingatlan-ertekbecsles","status":"publish","type":"page","link":"https:\/\/realhelp.hu\/en\/ingatlan-ertekbecsles\/","title":{"rendered":"Property valuation"},"content":{"rendered":"<div data-elementor-type=\"wp-page\" data-elementor-id=\"1351\" class=\"elementor elementor-1351\">\n\t\t\t\t\t\t<section class=\"elementor-section elementor-top-section elementor-element elementor-element-6e38103 head-height elementor-section-boxed elementor-section-height-default elementor-section-height-default\" data-id=\"6e38103\" data-element_type=\"section\" data-e-type=\"section\" data-settings=\"{&quot;background_background&quot;:&quot;classic&quot;}\">\n\t\t\t\t\t\t\t<div class=\"elementor-background-overlay\"><\/div>\n\t\t\t\t\t\t\t<div class=\"elementor-container elementor-column-gap-default\">\n\t\t\t\t\t<div class=\"elementor-column elementor-col-100 elementor-top-column elementor-element elementor-element-ca2dd5f\" data-id=\"ca2dd5f\" data-element_type=\"column\" data-e-type=\"column\">\n\t\t\t<div class=\"elementor-widget-wrap elementor-element-populated\">\n\t\t\t\t\t\t<div class=\"elementor-element elementor-element-1471f8dc elementor-invisible elementor-widget elementor-widget-heading\" data-id=\"1471f8dc\" data-element_type=\"widget\" data-e-type=\"widget\" data-settings=\"{&quot;_animation&quot;:&quot;fadeIn&quot;}\" data-widget_type=\"heading.default\">\n\t\t\t\t\t<h2 class=\"elementor-heading-title elementor-size-default\">Property valuation<\/h2>\t\t\t\t<\/div>\n\t\t\t\t\t<\/div>\n\t\t<\/div>\n\t\t\t\t\t<\/div>\n\t\t<\/section>\n\t\t\t\t<section class=\"elementor-section elementor-top-section elementor-element elementor-element-2597c96a elementor-section-boxed elementor-section-height-default elementor-section-height-default\" data-id=\"2597c96a\" data-element_type=\"section\" data-e-type=\"section\" data-settings=\"{&quot;background_background&quot;:&quot;classic&quot;}\">\n\t\t\t\t\t\t<div class=\"elementor-container elementor-column-gap-wider\">\n\t\t\t\t\t<div class=\"elementor-column elementor-col-100 elementor-top-column elementor-element elementor-element-59eac12e\" data-id=\"59eac12e\" data-element_type=\"column\" data-e-type=\"column\">\n\t\t\t<div class=\"elementor-widget-wrap elementor-element-populated\">\n\t\t\t\t\t\t<div class=\"elementor-element elementor-element-1e01a118 elementor-widget elementor-widget-image\" data-id=\"1e01a118\" data-element_type=\"widget\" data-e-type=\"widget\" data-widget_type=\"image.default\">\n\t\t\t\t\t\t\t\t\t\t\t\t\t\t\t<img decoding=\"async\" width=\"150\" height=\"150\" src=\"https:\/\/realhelp.hu\/wp-content\/uploads\/2022\/04\/icon_Artboard-3_3-150x150.png\" class=\"attachment-thumbnail size-thumbnail wp-image-63\" alt=\"\" srcset=\"https:\/\/realhelp.hu\/wp-content\/uploads\/2022\/04\/icon_Artboard-3_3-150x150.png 150w, https:\/\/realhelp.hu\/wp-content\/uploads\/2022\/04\/icon_Artboard-3_3-300x300.png 300w, https:\/\/realhelp.hu\/wp-content\/uploads\/2022\/04\/icon_Artboard-3_3-1024x1024.png 1024w, https:\/\/realhelp.hu\/wp-content\/uploads\/2022\/04\/icon_Artboard-3_3-768x768.png 768w, https:\/\/realhelp.hu\/wp-content\/uploads\/2022\/04\/icon_Artboard-3_3-1536x1536.png 1536w, https:\/\/realhelp.hu\/wp-content\/uploads\/2022\/04\/icon_Artboard-3_3.png 2000w\" sizes=\"(max-width: 150px) 100vw, 150px\" \/>\t\t\t\t\t\t\t\t\t\t\t\t\t\t\t<\/div>\n\t\t\t\t<div class=\"elementor-element elementor-element-98099a5 elementor-invisible elementor-widget elementor-widget-text-editor\" data-id=\"98099a5\" data-element_type=\"widget\" data-e-type=\"widget\" data-settings=\"{&quot;_animation&quot;:&quot;fadeInUp&quot;,&quot;_animation_delay&quot;:400}\" data-widget_type=\"text-editor.default\">\n\t\t\t\t\t\t\t\t\t<p><span style=\"font-weight: 400;\">If you don't know the realistic value of the property you want to sell, or if you want to buy a property but don't want to buy it for more than what it's worth, you should use a qualified chartered surveyor.<\/span><\/p><p><span style=\"font-weight: 400;\">Property valuation is also very helpful if you are wondering whether the property you are considering is eligible for state subsidies, or even for a gift or exchange transaction where you need to determine the realistic market value of the property.<\/span><\/p>\t\t\t\t\t\t\t\t<\/div>\n\t\t\t\t\t<\/div>\n\t\t<\/div>\n\t\t\t\t\t<\/div>\n\t\t<\/section>\n\t\t\t\t<section class=\"elementor-section elementor-top-section elementor-element elementor-element-69a62982 elementor-section-boxed elementor-section-height-default elementor-section-height-default\" data-id=\"69a62982\" data-element_type=\"section\" data-e-type=\"section\">\n\t\t\t\t\t\t<div class=\"elementor-container elementor-column-gap-default\">\n\t\t\t\t\t<div class=\"elementor-column elementor-col-100 elementor-top-column elementor-element elementor-element-54d7badd\" data-id=\"54d7badd\" data-element_type=\"column\" data-e-type=\"column\">\n\t\t\t<div class=\"elementor-widget-wrap\">\n\t\t\t\t\t\t\t<\/div>\n\t\t<\/div>\n\t\t\t\t\t<\/div>\n\t\t<\/section>\n\t\t\t\t<section class=\"elementor-section elementor-top-section elementor-element elementor-element-5096eb86 elementor-section-boxed elementor-section-height-default elementor-section-height-default\" data-id=\"5096eb86\" data-element_type=\"section\" data-e-type=\"section\" data-settings=\"{&quot;background_background&quot;:&quot;classic&quot;}\">\n\t\t\t\t\t\t\t<div class=\"elementor-background-overlay\"><\/div>\n\t\t\t\t\t\t\t<div class=\"elementor-container elementor-column-gap-default\">\n\t\t\t\t\t<div class=\"elementor-column elementor-col-50 elementor-top-column elementor-element elementor-element-2193df32\" data-id=\"2193df32\" data-element_type=\"column\" data-e-type=\"column\">\n\t\t\t<div class=\"elementor-widget-wrap elementor-element-populated\">\n\t\t\t\t\t\t<div class=\"elementor-element elementor-element-2eb64f7 elementor-invisible elementor-widget elementor-widget-heading\" data-id=\"2eb64f7\" data-element_type=\"widget\" data-e-type=\"widget\" data-settings=\"{&quot;_animation&quot;:&quot;fadeInUp&quot;,&quot;_animation_delay&quot;:200}\" data-widget_type=\"heading.default\">\n\t\t\t\t\t<h2 class=\"elementor-heading-title elementor-size-default\">Contact us with confidence!<\/h2>\t\t\t\t<\/div>\n\t\t\t\t<div class=\"elementor-element elementor-element-6a0fec81 elementor-widget-divider--view-line elementor-invisible elementor-widget elementor-widget-divider\" data-id=\"6a0fec81\" data-element_type=\"widget\" data-e-type=\"widget\" data-settings=\"{&quot;_animation&quot;:&quot;fadeInLeft&quot;,&quot;_animation_delay&quot;:400}\" data-widget_type=\"divider.default\">\n\t\t\t\t\t\t\t<div class=\"elementor-divider\">\n\t\t\t<span class=\"elementor-divider-separator\">\n\t\t\t\t\t\t<\/span>\n\t\t<\/div>\n\t\t\t\t\t\t<\/div>\n\t\t\t\t<div class=\"elementor-element elementor-element-34d4b7ec elementor-invisible elementor-widget elementor-widget-text-editor\" data-id=\"34d4b7ec\" data-element_type=\"widget\" data-e-type=\"widget\" data-settings=\"{&quot;_animation&quot;:&quot;fadeInLeft&quot;,&quot;_animation_delay&quot;:600}\" data-widget_type=\"text-editor.default\">\n\t\t\t\t\t\t\t\t\t<p>Fill in the form on the right and our staff will contact you as soon as possible. We look forward to receiving your application!<\/p>\t\t\t\t\t\t\t\t<\/div>\n\t\t\t\t\t<\/div>\n\t\t<\/div>\n\t\t\t\t<div class=\"elementor-column elementor-col-50 elementor-top-column elementor-element elementor-element-74ef7f8\" data-id=\"74ef7f8\" data-element_type=\"column\" data-e-type=\"column\" data-settings=\"{&quot;background_background&quot;:&quot;classic&quot;}\">\n\t\t\t<div class=\"elementor-widget-wrap\">\n\t\t\t\t\t\t\t<\/div>\n\t\t<\/div>\n\t\t\t\t\t<\/div>\n\t\t<\/section>\n\t\t\t\t<\/div>","protected":false},"excerpt":{"rendered":"<p>Ingatlan \u00e9rt\u00e9kbecsl\u00e9s Amennyiben nem tudja, mennyi a re\u00e1lis \u00e9rt\u00e9ke az eladni k\u00edv\u00e1nt ingatlan\u00e1nak, vagy ingatlant szeretne v\u00e1s\u00e1rolni, de nem akarja \u00e9rt\u00e9ken fel\u00fcl megv\u00e1s\u00e1rolni, akkor \u00e9rdemes szakk\u00e9pes\u00edt\u00e9ssel rendelkez\u0151 okleveles ingatlan \u00e9rt\u00e9kbecsl\u00e9st ig\u00e9nybe venni. Szint\u00e9n nagy seg\u00edts\u00e9g egy ingatlan \u00e9rt\u00e9kbecsl\u00e9s abban az esetben, ha arra k\u00edv\u00e1ncsi, hogy a kiszemelt ingatlanra ig\u00e9nybe vehet\u0151ek-e az \u00e1llami t\u00e1mogat\u00e1sok, vagy ak\u00e1r [&hellip;]<\/p>\n","protected":false},"author":1,"featured_media":0,"parent":0,"menu_order":0,"comment_status":"closed","ping_status":"closed","template":"elementor_header_footer","meta":{"footnotes":""},"class_list":["post-1351","page","type-page","status-publish","hentry"],"yoast_head":"<!-- This site is optimized with the Yoast SEO plugin v27.3 - https:\/\/yoast.com\/product\/yoast-seo-wordpress\/ -->\n<title>Ingatlan \u00e9rt\u00e9kbecsl\u00e9s - Realhelp<\/title>\n<meta name=\"robots\" content=\"index, follow, max-snippet:-1, max-image-preview:large, max-video-preview:-1\" \/>\n<link rel=\"canonical\" href=\"https:\/\/realhelp.hu\/en\/ingatlan-ertekbecsles\/\" \/>\n<meta property=\"og:locale\" content=\"en_GB\" \/>\n<meta property=\"og:type\" content=\"article\" \/>\n<meta property=\"og:title\" content=\"Ingatlan \u00e9rt\u00e9kbecsl\u00e9s - Realhelp\" \/>\n<meta property=\"og:description\" content=\"Ingatlan \u00e9rt\u00e9kbecsl\u00e9s Amennyiben nem tudja, mennyi a re\u00e1lis \u00e9rt\u00e9ke az eladni k\u00edv\u00e1nt ingatlan\u00e1nak, vagy ingatlant szeretne v\u00e1s\u00e1rolni, de nem akarja \u00e9rt\u00e9ken fel\u00fcl megv\u00e1s\u00e1rolni, akkor \u00e9rdemes szakk\u00e9pes\u00edt\u00e9ssel rendelkez\u0151 okleveles ingatlan \u00e9rt\u00e9kbecsl\u00e9st ig\u00e9nybe venni. Szint\u00e9n nagy seg\u00edts\u00e9g egy ingatlan \u00e9rt\u00e9kbecsl\u00e9s abban az esetben, ha arra k\u00edv\u00e1ncsi, hogy a kiszemelt ingatlanra ig\u00e9nybe vehet\u0151ek-e az \u00e1llami t\u00e1mogat\u00e1sok, vagy ak\u00e1r [&hellip;]\" \/>\n<meta property=\"og:url\" content=\"https:\/\/realhelp.hu\/en\/ingatlan-ertekbecsles\/\" \/>\n<meta property=\"og:site_name\" content=\"Realhelp\" \/>\n<meta property=\"article:modified_time\" content=\"2024-07-27T13:29:41+00:00\" \/>\n<meta property=\"og:image\" content=\"https:\/\/realhelp.hu\/wp-content\/uploads\/2022\/04\/icon_Artboard-3_3-150x150.png\" \/>\n<meta name=\"twitter:card\" content=\"summary_large_image\" \/>\n<meta name=\"twitter:label1\" content=\"Estimated reading time\" \/>\n\t<meta name=\"twitter:data1\" content=\"2 minutes\" \/>\n<script type=\"application\/ld+json\" class=\"yoast-schema-graph\">{\"@context\":\"https:\\\/\\\/schema.org\",\"@graph\":[{\"@type\":\"WebPage\",\"@id\":\"https:\\\/\\\/realhelp.hu\\\/ingatlan-ertekbecsles\\\/\",\"url\":\"https:\\\/\\\/realhelp.hu\\\/ingatlan-ertekbecsles\\\/\",\"name\":\"Ingatlan \u00e9rt\u00e9kbecsl\u00e9s - Realhelp\",\"isPartOf\":{\"@id\":\"https:\\\/\\\/realhelp.hu\\\/#website\"},\"primaryImageOfPage\":{\"@id\":\"https:\\\/\\\/realhelp.hu\\\/ingatlan-ertekbecsles\\\/#primaryimage\"},\"image\":{\"@id\":\"https:\\\/\\\/realhelp.hu\\\/ingatlan-ertekbecsles\\\/#primaryimage\"},\"thumbnailUrl\":\"https:\\\/\\\/realhelp.hu\\\/wp-content\\\/uploads\\\/2022\\\/04\\\/icon_Artboard-3_3-150x150.png\",\"datePublished\":\"2022-05-04T16:24:22+00:00\",\"dateModified\":\"2024-07-27T13:29:41+00:00\",\"breadcrumb\":{\"@id\":\"https:\\\/\\\/realhelp.hu\\\/ingatlan-ertekbecsles\\\/#breadcrumb\"},\"inLanguage\":\"en-GB\",\"potentialAction\":[{\"@type\":\"ReadAction\",\"target\":[\"https:\\\/\\\/realhelp.hu\\\/ingatlan-ertekbecsles\\\/\"]}]},{\"@type\":\"ImageObject\",\"inLanguage\":\"en-GB\",\"@id\":\"https:\\\/\\\/realhelp.hu\\\/ingatlan-ertekbecsles\\\/#primaryimage\",\"url\":\"https:\\\/\\\/realhelp.hu\\\/wp-content\\\/uploads\\\/2022\\\/04\\\/icon_Artboard-3_3-150x150.png\",\"contentUrl\":\"https:\\\/\\\/realhelp.hu\\\/wp-content\\\/uploads\\\/2022\\\/04\\\/icon_Artboard-3_3-150x150.png\"},{\"@type\":\"BreadcrumbList\",\"@id\":\"https:\\\/\\\/realhelp.hu\\\/ingatlan-ertekbecsles\\\/#breadcrumb\",\"itemListElement\":[{\"@type\":\"ListItem\",\"position\":1,\"name\":\"Kezd\u0151lap\",\"item\":\"https:\\\/\\\/realhelp.hu\\\/\"},{\"@type\":\"ListItem\",\"position\":2,\"name\":\"Ingatlan \u00e9rt\u00e9kbecsl\u00e9s\"}]},{\"@type\":\"WebSite\",\"@id\":\"https:\\\/\\\/realhelp.hu\\\/#website\",\"url\":\"https:\\\/\\\/realhelp.hu\\\/\",\"name\":\"Realhelp\",\"description\":\"Lak\u00e1skezel\u00e9s fels\u0151fokon\",\"publisher\":{\"@id\":\"https:\\\/\\\/realhelp.hu\\\/#organization\"},\"potentialAction\":[{\"@type\":\"SearchAction\",\"target\":{\"@type\":\"EntryPoint\",\"urlTemplate\":\"https:\\\/\\\/realhelp.hu\\\/?s={search_term_string}\"},\"query-input\":{\"@type\":\"PropertyValueSpecification\",\"valueRequired\":true,\"valueName\":\"search_term_string\"}}],\"inLanguage\":\"en-GB\"},{\"@type\":\"Organization\",\"@id\":\"https:\\\/\\\/realhelp.hu\\\/#organization\",\"name\":\"Realhelp\",\"url\":\"https:\\\/\\\/realhelp.hu\\\/\",\"logo\":{\"@type\":\"ImageObject\",\"inLanguage\":\"en-GB\",\"@id\":\"https:\\\/\\\/realhelp.hu\\\/#\\\/schema\\\/logo\\\/image\\\/\",\"url\":\"https:\\\/\\\/realhelp.hu\\\/wp-content\\\/uploads\\\/2022\\\/04\\\/RealHelp_logo_Horizontal_BWinvers_opt.png\",\"contentUrl\":\"https:\\\/\\\/realhelp.hu\\\/wp-content\\\/uploads\\\/2022\\\/04\\\/RealHelp_logo_Horizontal_BWinvers_opt.png\",\"width\":307,\"height\":103,\"caption\":\"Realhelp\"},\"image\":{\"@id\":\"https:\\\/\\\/realhelp.hu\\\/#\\\/schema\\\/logo\\\/image\\\/\"}}]}<\/script>\n<!-- \/ Yoast SEO plugin. -->","yoast_head_json":{"title":"Ingatlan \u00e9rt\u00e9kbecsl\u00e9s - Realhelp","robots":{"index":"index","follow":"follow","max-snippet":"max-snippet:-1","max-image-preview":"max-image-preview:large","max-video-preview":"max-video-preview:-1"},"canonical":"https:\/\/realhelp.hu\/en\/ingatlan-ertekbecsles\/","og_locale":"en_GB","og_type":"article","og_title":"Ingatlan \u00e9rt\u00e9kbecsl\u00e9s - Realhelp","og_description":"Ingatlan \u00e9rt\u00e9kbecsl\u00e9s Amennyiben nem tudja, mennyi a re\u00e1lis \u00e9rt\u00e9ke az eladni k\u00edv\u00e1nt ingatlan\u00e1nak, vagy ingatlant szeretne v\u00e1s\u00e1rolni, de nem akarja \u00e9rt\u00e9ken fel\u00fcl megv\u00e1s\u00e1rolni, akkor \u00e9rdemes szakk\u00e9pes\u00edt\u00e9ssel rendelkez\u0151 okleveles ingatlan \u00e9rt\u00e9kbecsl\u00e9st ig\u00e9nybe venni. Szint\u00e9n nagy seg\u00edts\u00e9g egy ingatlan \u00e9rt\u00e9kbecsl\u00e9s abban az esetben, ha arra k\u00edv\u00e1ncsi, hogy a kiszemelt ingatlanra ig\u00e9nybe vehet\u0151ek-e az \u00e1llami t\u00e1mogat\u00e1sok, vagy ak\u00e1r [&hellip;]","og_url":"https:\/\/realhelp.hu\/en\/ingatlan-ertekbecsles\/","og_site_name":"Realhelp","article_modified_time":"2024-07-27T13:29:41+00:00","og_image":[{"url":"https:\/\/realhelp.hu\/wp-content\/uploads\/2022\/04\/icon_Artboard-3_3-150x150.png","type":"","width":"","height":""}],"twitter_card":"summary_large_image","twitter_misc":{"Estimated reading time":"2 minutes"},"schema":{"@context":"https:\/\/schema.org","@graph":[{"@type":"WebPage","@id":"https:\/\/realhelp.hu\/ingatlan-ertekbecsles\/","url":"https:\/\/realhelp.hu\/ingatlan-ertekbecsles\/","name":"Ingatlan \u00e9rt\u00e9kbecsl\u00e9s - Realhelp","isPartOf":{"@id":"https:\/\/realhelp.hu\/#website"},"primaryImageOfPage":{"@id":"https:\/\/realhelp.hu\/ingatlan-ertekbecsles\/#primaryimage"},"image":{"@id":"https:\/\/realhelp.hu\/ingatlan-ertekbecsles\/#primaryimage"},"thumbnailUrl":"https:\/\/realhelp.hu\/wp-content\/uploads\/2022\/04\/icon_Artboard-3_3-150x150.png","datePublished":"2022-05-04T16:24:22+00:00","dateModified":"2024-07-27T13:29:41+00:00","breadcrumb":{"@id":"https:\/\/realhelp.hu\/ingatlan-ertekbecsles\/#breadcrumb"},"inLanguage":"en-GB","potentialAction":[{"@type":"ReadAction","target":["https:\/\/realhelp.hu\/ingatlan-ertekbecsles\/"]}]},{"@type":"ImageObject","inLanguage":"en-GB","@id":"https:\/\/realhelp.hu\/ingatlan-ertekbecsles\/#primaryimage","url":"https:\/\/realhelp.hu\/wp-content\/uploads\/2022\/04\/icon_Artboard-3_3-150x150.png","contentUrl":"https:\/\/realhelp.hu\/wp-content\/uploads\/2022\/04\/icon_Artboard-3_3-150x150.png"},{"@type":"BreadcrumbList","@id":"https:\/\/realhelp.hu\/ingatlan-ertekbecsles\/#breadcrumb","itemListElement":[{"@type":"ListItem","position":1,"name":"Kezd\u0151lap","item":"https:\/\/realhelp.hu\/"},{"@type":"ListItem","position":2,"name":"Ingatlan \u00e9rt\u00e9kbecsl\u00e9s"}]},{"@type":"WebSite","@id":"https:\/\/realhelp.hu\/#website","url":"https:\/\/realhelp.hu\/","name":"Realhelp","description":"Lak\u00e1skezel\u00e9s fels\u0151fokon","publisher":{"@id":"https:\/\/realhelp.hu\/#organization"},"potentialAction":[{"@type":"SearchAction","target":{"@type":"EntryPoint","urlTemplate":"https:\/\/realhelp.hu\/?s={search_term_string}"},"query-input":{"@type":"PropertyValueSpecification","valueRequired":true,"valueName":"search_term_string"}}],"inLanguage":"en-GB"},{"@type":"Organization","@id":"https:\/\/realhelp.hu\/#organization","name":"Realhelp","url":"https:\/\/realhelp.hu\/","logo":{"@type":"ImageObject","inLanguage":"en-GB","@id":"https:\/\/realhelp.hu\/#\/schema\/logo\/image\/","url":"https:\/\/realhelp.hu\/wp-content\/uploads\/2022\/04\/RealHelp_logo_Horizontal_BWinvers_opt.png","contentUrl":"https:\/\/realhelp.hu\/wp-content\/uploads\/2022\/04\/RealHelp_logo_Horizontal_BWinvers_opt.png","width":307,"height":103,"caption":"Realhelp"},"image":{"@id":"https:\/\/realhelp.hu\/#\/schema\/logo\/image\/"}}]}},"_links":{"self":[{"href":"https:\/\/realhelp.hu\/en\/wp-json\/wp\/v2\/pages\/1351","targetHints":{"allow":["GET"]}}],"collection":[{"href":"https:\/\/realhelp.hu\/en\/wp-json\/wp\/v2\/pages"}],"about":[{"href":"https:\/\/realhelp.hu\/en\/wp-json\/wp\/v2\/types\/page"}],"author":[{"embeddable":true,"href":"https:\/\/realhelp.hu\/en\/wp-json\/wp\/v2\/users\/1"}],"replies":[{"embeddable":true,"href":"https:\/\/realhelp.hu\/en\/wp-json\/wp\/v2\/comments?post=1351"}],"version-history":[{"count":0,"href":"https:\/\/realhelp.hu\/en\/wp-json\/wp\/v2\/pages\/1351\/revisions"}],"wp:attachment":[{"href":"https:\/\/realhelp.hu\/en\/wp-json\/wp\/v2\/media?parent=1351"}],"curies":[{"name":"wp","href":"https:\/\/api.w.org\/{rel}","templated":true}]}}