{"id":1334,"date":"2022-05-04T16:18:34","date_gmt":"2022-05-04T16:18:34","guid":{"rendered":"https:\/\/realhelp.hu\/?page_id=1334"},"modified":"2024-07-27T13:25:02","modified_gmt":"2024-07-27T13:25:02","slug":"biztositas","status":"publish","type":"page","link":"https:\/\/realhelp.hu\/en\/biztositas\/","title":{"rendered":"Insurance"},"content":{"rendered":"<div data-elementor-type=\"wp-page\" data-elementor-id=\"1334\" class=\"elementor elementor-1334\">\n\t\t\t\t\t\t<section class=\"elementor-section elementor-top-section elementor-element elementor-element-2b6552aa head-height elementor-section-boxed elementor-section-height-default elementor-section-height-default\" data-id=\"2b6552aa\" data-element_type=\"section\" data-e-type=\"section\" data-settings=\"{&quot;background_background&quot;:&quot;classic&quot;}\">\n\t\t\t\t\t\t\t<div class=\"elementor-background-overlay\"><\/div>\n\t\t\t\t\t\t\t<div class=\"elementor-container elementor-column-gap-default\">\n\t\t\t\t\t<div class=\"elementor-column elementor-col-100 elementor-top-column elementor-element elementor-element-3c07b5c8\" data-id=\"3c07b5c8\" data-element_type=\"column\" data-e-type=\"column\">\n\t\t\t<div class=\"elementor-widget-wrap elementor-element-populated\">\n\t\t\t\t\t\t<div class=\"elementor-element elementor-element-5baf618e elementor-invisible elementor-widget elementor-widget-heading\" data-id=\"5baf618e\" data-element_type=\"widget\" data-e-type=\"widget\" data-settings=\"{&quot;_animation&quot;:&quot;fadeIn&quot;}\" data-widget_type=\"heading.default\">\n\t\t\t\t\t<h2 class=\"elementor-heading-title elementor-size-default\">Insurance<\/h2>\t\t\t\t<\/div>\n\t\t\t\t\t<\/div>\n\t\t<\/div>\n\t\t\t\t\t<\/div>\n\t\t<\/section>\n\t\t\t\t<section class=\"elementor-section elementor-top-section elementor-element elementor-element-6faa5022 elementor-section-boxed elementor-section-height-default elementor-section-height-default\" data-id=\"6faa5022\" data-element_type=\"section\" data-e-type=\"section\" data-settings=\"{&quot;background_background&quot;:&quot;classic&quot;}\">\n\t\t\t\t\t\t<div class=\"elementor-container elementor-column-gap-wider\">\n\t\t\t\t\t<div class=\"elementor-column elementor-col-100 elementor-top-column elementor-element elementor-element-7f54804f\" data-id=\"7f54804f\" data-element_type=\"column\" data-e-type=\"column\">\n\t\t\t<div class=\"elementor-widget-wrap elementor-element-populated\">\n\t\t\t\t\t\t<div class=\"elementor-element elementor-element-ed6f183 elementor-widget elementor-widget-image\" data-id=\"ed6f183\" data-element_type=\"widget\" data-e-type=\"widget\" data-widget_type=\"image.default\">\n\t\t\t\t\t\t\t\t\t\t\t\t\t\t\t<img decoding=\"async\" width=\"150\" height=\"150\" src=\"https:\/\/realhelp.hu\/wp-content\/uploads\/2022\/04\/13-150x150.png\" class=\"attachment-thumbnail size-thumbnail wp-image-725\" alt=\"\" \/>\t\t\t\t\t\t\t\t\t\t\t\t\t\t\t<\/div>\n\t\t\t\t<div class=\"elementor-element elementor-element-6703d3ad elementor-invisible elementor-widget elementor-widget-text-editor\" data-id=\"6703d3ad\" data-element_type=\"widget\" data-e-type=\"widget\" data-settings=\"{&quot;_animation&quot;:&quot;fadeInUp&quot;,&quot;_animation_delay&quot;:400}\" data-widget_type=\"text-editor.default\">\n\t\t\t\t\t\t\t\t\t<p><span style=\"font-weight: 400;\">When you take out property insurance, you will be directly assisted by a competent colleague in finding the most suitable insurance scheme that will cover you in the event of damages or loss.<\/span><\/p>\t\t\t\t\t\t\t\t<\/div>\n\t\t\t\t\t<\/div>\n\t\t<\/div>\n\t\t\t\t\t<\/div>\n\t\t<\/section>\n\t\t\t\t<section class=\"elementor-section elementor-top-section elementor-element elementor-element-64768c35 elementor-section-boxed elementor-section-height-default elementor-section-height-default\" data-id=\"64768c35\" data-element_type=\"section\" data-e-type=\"section\">\n\t\t\t\t\t\t<div class=\"elementor-container elementor-column-gap-default\">\n\t\t\t\t\t<div class=\"elementor-column elementor-col-100 elementor-top-column elementor-element elementor-element-54bf6888\" data-id=\"54bf6888\" data-element_type=\"column\" data-e-type=\"column\">\n\t\t\t<div class=\"elementor-widget-wrap\">\n\t\t\t\t\t\t\t<\/div>\n\t\t<\/div>\n\t\t\t\t\t<\/div>\n\t\t<\/section>\n\t\t\t\t<section class=\"elementor-section elementor-top-section elementor-element elementor-element-4234ac94 elementor-section-boxed elementor-section-height-default elementor-section-height-default\" data-id=\"4234ac94\" data-element_type=\"section\" data-e-type=\"section\" data-settings=\"{&quot;background_background&quot;:&quot;classic&quot;}\">\n\t\t\t\t\t\t\t<div class=\"elementor-background-overlay\"><\/div>\n\t\t\t\t\t\t\t<div class=\"elementor-container elementor-column-gap-default\">\n\t\t\t\t\t<div class=\"elementor-column elementor-col-50 elementor-top-column elementor-element elementor-element-3d6d2378\" data-id=\"3d6d2378\" data-element_type=\"column\" data-e-type=\"column\">\n\t\t\t<div class=\"elementor-widget-wrap elementor-element-populated\">\n\t\t\t\t\t\t<div class=\"elementor-element elementor-element-785a368e elementor-invisible elementor-widget elementor-widget-heading\" data-id=\"785a368e\" data-element_type=\"widget\" data-e-type=\"widget\" data-settings=\"{&quot;_animation&quot;:&quot;fadeInUp&quot;,&quot;_animation_delay&quot;:200}\" data-widget_type=\"heading.default\">\n\t\t\t\t\t<h2 class=\"elementor-heading-title elementor-size-default\">Contact us with confidence!<\/h2>\t\t\t\t<\/div>\n\t\t\t\t<div class=\"elementor-element elementor-element-6036e273 elementor-widget-divider--view-line elementor-invisible elementor-widget elementor-widget-divider\" data-id=\"6036e273\" data-element_type=\"widget\" data-e-type=\"widget\" data-settings=\"{&quot;_animation&quot;:&quot;fadeInLeft&quot;,&quot;_animation_delay&quot;:400}\" data-widget_type=\"divider.default\">\n\t\t\t\t\t\t\t<div class=\"elementor-divider\">\n\t\t\t<span class=\"elementor-divider-separator\">\n\t\t\t\t\t\t<\/span>\n\t\t<\/div>\n\t\t\t\t\t\t<\/div>\n\t\t\t\t<div class=\"elementor-element elementor-element-42c8fb7a elementor-invisible elementor-widget elementor-widget-text-editor\" data-id=\"42c8fb7a\" data-element_type=\"widget\" data-e-type=\"widget\" data-settings=\"{&quot;_animation&quot;:&quot;fadeInLeft&quot;,&quot;_animation_delay&quot;:600}\" data-widget_type=\"text-editor.default\">\n\t\t\t\t\t\t\t\t\t<p>Fill in the form on the right and our staff will contact you as soon as possible. We look forward to receiving your application!<\/p>\t\t\t\t\t\t\t\t<\/div>\n\t\t\t\t\t<\/div>\n\t\t<\/div>\n\t\t\t\t<div class=\"elementor-column elementor-col-50 elementor-top-column elementor-element elementor-element-174b0857\" data-id=\"174b0857\" data-element_type=\"column\" data-e-type=\"column\" data-settings=\"{&quot;background_background&quot;:&quot;classic&quot;}\">\n\t\t\t<div class=\"elementor-widget-wrap\">\n\t\t\t\t\t\t\t<\/div>\n\t\t<\/div>\n\t\t\t\t\t<\/div>\n\t\t<\/section>\n\t\t\t\t<\/div>","protected":false},"excerpt":{"rendered":"<p>Biztos\u00edt\u00e1s Az ingatlanbiztos\u00edt\u00e1s megk\u00f6t\u00e9se sor\u00e1n k\u00f6zvetlen\u00fcl seg\u00edt \u00d6nnek illet\u00e9kes koll\u00e9g\u00e1nk a legmegfelel\u0151bb biztos\u00edt\u00e1si konstrukci\u00f3 megtal\u00e1l\u00e1s\u00e1ban, amely val\u00f3ban fedezi is a biztos\u00edt\u00e1si k\u00e1r eset\u00e9n felmer\u00fcl\u0151 vesztes\u00e9get. L\u00c9PJEN VEL\u00dcNK KAPCSOLATBA! Kattintson ide! Forduljon hozz\u00e1nk bizalommal! T\u00f6ltse ki a jobb oldali t\u00e1bl\u00e1zatot, \u00e9s munkat\u00e1rsaink a lehet\u0151 leghamarabb felveszik \u00d6nnel a kapcsolatot azon az el\u00e9rhet\u0151s\u00e9gen, amelyet megjel\u00f6lt. \u00d6r\u00f6mmel v\u00e1rjuk [&hellip;]<\/p>\n","protected":false},"author":1,"featured_media":0,"parent":0,"menu_order":0,"comment_status":"closed","ping_status":"closed","template":"elementor_header_footer","meta":{"footnotes":""},"class_list":["post-1334","page","type-page","status-publish","hentry"],"yoast_head":"<!-- This site is optimized with the Yoast SEO plugin v27.3 - https:\/\/yoast.com\/product\/yoast-seo-wordpress\/ -->\n<title>Biztos\u00edt\u00e1s - Realhelp<\/title>\n<meta name=\"robots\" content=\"index, follow, max-snippet:-1, max-image-preview:large, max-video-preview:-1\" \/>\n<link rel=\"canonical\" href=\"https:\/\/realhelp.hu\/en\/biztositas\/\" \/>\n<meta property=\"og:locale\" content=\"en_GB\" \/>\n<meta property=\"og:type\" content=\"article\" \/>\n<meta property=\"og:title\" content=\"Biztos\u00edt\u00e1s - Realhelp\" \/>\n<meta property=\"og:description\" content=\"Biztos\u00edt\u00e1s Az ingatlanbiztos\u00edt\u00e1s megk\u00f6t\u00e9se sor\u00e1n k\u00f6zvetlen\u00fcl seg\u00edt \u00d6nnek illet\u00e9kes koll\u00e9g\u00e1nk a legmegfelel\u0151bb biztos\u00edt\u00e1si konstrukci\u00f3 megtal\u00e1l\u00e1s\u00e1ban, amely val\u00f3ban fedezi is a biztos\u00edt\u00e1si k\u00e1r eset\u00e9n felmer\u00fcl\u0151 vesztes\u00e9get. L\u00c9PJEN VEL\u00dcNK KAPCSOLATBA! Kattintson ide! Forduljon hozz\u00e1nk bizalommal! T\u00f6ltse ki a jobb oldali t\u00e1bl\u00e1zatot, \u00e9s munkat\u00e1rsaink a lehet\u0151 leghamarabb felveszik \u00d6nnel a kapcsolatot azon az el\u00e9rhet\u0151s\u00e9gen, amelyet megjel\u00f6lt. \u00d6r\u00f6mmel v\u00e1rjuk [&hellip;]\" \/>\n<meta property=\"og:url\" content=\"https:\/\/realhelp.hu\/en\/biztositas\/\" \/>\n<meta property=\"og:site_name\" content=\"Realhelp\" \/>\n<meta property=\"article:modified_time\" content=\"2024-07-27T13:25:02+00:00\" \/>\n<meta property=\"og:image\" content=\"https:\/\/realhelp.hu\/wp-content\/uploads\/2022\/04\/13-150x150.png\" \/>\n<meta name=\"twitter:card\" content=\"summary_large_image\" \/>\n<meta name=\"twitter:label1\" content=\"Estimated reading time\" \/>\n\t<meta name=\"twitter:data1\" content=\"2 minutes\" \/>\n<script type=\"application\/ld+json\" class=\"yoast-schema-graph\">{\"@context\":\"https:\\\/\\\/schema.org\",\"@graph\":[{\"@type\":\"WebPage\",\"@id\":\"https:\\\/\\\/realhelp.hu\\\/biztositas\\\/\",\"url\":\"https:\\\/\\\/realhelp.hu\\\/biztositas\\\/\",\"name\":\"Biztos\u00edt\u00e1s - Realhelp\",\"isPartOf\":{\"@id\":\"https:\\\/\\\/realhelp.hu\\\/#website\"},\"primaryImageOfPage\":{\"@id\":\"https:\\\/\\\/realhelp.hu\\\/biztositas\\\/#primaryimage\"},\"image\":{\"@id\":\"https:\\\/\\\/realhelp.hu\\\/biztositas\\\/#primaryimage\"},\"thumbnailUrl\":\"https:\\\/\\\/realhelp.hu\\\/wp-content\\\/uploads\\\/2022\\\/04\\\/13-150x150.png\",\"datePublished\":\"2022-05-04T16:18:34+00:00\",\"dateModified\":\"2024-07-27T13:25:02+00:00\",\"breadcrumb\":{\"@id\":\"https:\\\/\\\/realhelp.hu\\\/biztositas\\\/#breadcrumb\"},\"inLanguage\":\"en-GB\",\"potentialAction\":[{\"@type\":\"ReadAction\",\"target\":[\"https:\\\/\\\/realhelp.hu\\\/biztositas\\\/\"]}]},{\"@type\":\"ImageObject\",\"inLanguage\":\"en-GB\",\"@id\":\"https:\\\/\\\/realhelp.hu\\\/biztositas\\\/#primaryimage\",\"url\":\"https:\\\/\\\/realhelp.hu\\\/wp-content\\\/uploads\\\/2022\\\/04\\\/13-150x150.png\",\"contentUrl\":\"https:\\\/\\\/realhelp.hu\\\/wp-content\\\/uploads\\\/2022\\\/04\\\/13-150x150.png\"},{\"@type\":\"BreadcrumbList\",\"@id\":\"https:\\\/\\\/realhelp.hu\\\/biztositas\\\/#breadcrumb\",\"itemListElement\":[{\"@type\":\"ListItem\",\"position\":1,\"name\":\"Kezd\u0151lap\",\"item\":\"https:\\\/\\\/realhelp.hu\\\/\"},{\"@type\":\"ListItem\",\"position\":2,\"name\":\"Biztos\u00edt\u00e1s\"}]},{\"@type\":\"WebSite\",\"@id\":\"https:\\\/\\\/realhelp.hu\\\/#website\",\"url\":\"https:\\\/\\\/realhelp.hu\\\/\",\"name\":\"Realhelp\",\"description\":\"Lak\u00e1skezel\u00e9s fels\u0151fokon\",\"publisher\":{\"@id\":\"https:\\\/\\\/realhelp.hu\\\/#organization\"},\"potentialAction\":[{\"@type\":\"SearchAction\",\"target\":{\"@type\":\"EntryPoint\",\"urlTemplate\":\"https:\\\/\\\/realhelp.hu\\\/?s={search_term_string}\"},\"query-input\":{\"@type\":\"PropertyValueSpecification\",\"valueRequired\":true,\"valueName\":\"search_term_string\"}}],\"inLanguage\":\"en-GB\"},{\"@type\":\"Organization\",\"@id\":\"https:\\\/\\\/realhelp.hu\\\/#organization\",\"name\":\"Realhelp\",\"url\":\"https:\\\/\\\/realhelp.hu\\\/\",\"logo\":{\"@type\":\"ImageObject\",\"inLanguage\":\"en-GB\",\"@id\":\"https:\\\/\\\/realhelp.hu\\\/#\\\/schema\\\/logo\\\/image\\\/\",\"url\":\"https:\\\/\\\/realhelp.hu\\\/wp-content\\\/uploads\\\/2022\\\/04\\\/RealHelp_logo_Horizontal_BWinvers_opt.png\",\"contentUrl\":\"https:\\\/\\\/realhelp.hu\\\/wp-content\\\/uploads\\\/2022\\\/04\\\/RealHelp_logo_Horizontal_BWinvers_opt.png\",\"width\":307,\"height\":103,\"caption\":\"Realhelp\"},\"image\":{\"@id\":\"https:\\\/\\\/realhelp.hu\\\/#\\\/schema\\\/logo\\\/image\\\/\"}}]}<\/script>\n<!-- \/ Yoast SEO plugin. -->","yoast_head_json":{"title":"Biztos\u00edt\u00e1s - Realhelp","robots":{"index":"index","follow":"follow","max-snippet":"max-snippet:-1","max-image-preview":"max-image-preview:large","max-video-preview":"max-video-preview:-1"},"canonical":"https:\/\/realhelp.hu\/en\/biztositas\/","og_locale":"en_GB","og_type":"article","og_title":"Biztos\u00edt\u00e1s - Realhelp","og_description":"Biztos\u00edt\u00e1s Az ingatlanbiztos\u00edt\u00e1s megk\u00f6t\u00e9se sor\u00e1n k\u00f6zvetlen\u00fcl seg\u00edt \u00d6nnek illet\u00e9kes koll\u00e9g\u00e1nk a legmegfelel\u0151bb biztos\u00edt\u00e1si konstrukci\u00f3 megtal\u00e1l\u00e1s\u00e1ban, amely val\u00f3ban fedezi is a biztos\u00edt\u00e1si k\u00e1r eset\u00e9n felmer\u00fcl\u0151 vesztes\u00e9get. L\u00c9PJEN VEL\u00dcNK KAPCSOLATBA! Kattintson ide! Forduljon hozz\u00e1nk bizalommal! T\u00f6ltse ki a jobb oldali t\u00e1bl\u00e1zatot, \u00e9s munkat\u00e1rsaink a lehet\u0151 leghamarabb felveszik \u00d6nnel a kapcsolatot azon az el\u00e9rhet\u0151s\u00e9gen, amelyet megjel\u00f6lt. \u00d6r\u00f6mmel v\u00e1rjuk [&hellip;]","og_url":"https:\/\/realhelp.hu\/en\/biztositas\/","og_site_name":"Realhelp","article_modified_time":"2024-07-27T13:25:02+00:00","og_image":[{"url":"https:\/\/realhelp.hu\/wp-content\/uploads\/2022\/04\/13-150x150.png","type":"","width":"","height":""}],"twitter_card":"summary_large_image","twitter_misc":{"Estimated reading time":"2 minutes"},"schema":{"@context":"https:\/\/schema.org","@graph":[{"@type":"WebPage","@id":"https:\/\/realhelp.hu\/biztositas\/","url":"https:\/\/realhelp.hu\/biztositas\/","name":"Biztos\u00edt\u00e1s - Realhelp","isPartOf":{"@id":"https:\/\/realhelp.hu\/#website"},"primaryImageOfPage":{"@id":"https:\/\/realhelp.hu\/biztositas\/#primaryimage"},"image":{"@id":"https:\/\/realhelp.hu\/biztositas\/#primaryimage"},"thumbnailUrl":"https:\/\/realhelp.hu\/wp-content\/uploads\/2022\/04\/13-150x150.png","datePublished":"2022-05-04T16:18:34+00:00","dateModified":"2024-07-27T13:25:02+00:00","breadcrumb":{"@id":"https:\/\/realhelp.hu\/biztositas\/#breadcrumb"},"inLanguage":"en-GB","potentialAction":[{"@type":"ReadAction","target":["https:\/\/realhelp.hu\/biztositas\/"]}]},{"@type":"ImageObject","inLanguage":"en-GB","@id":"https:\/\/realhelp.hu\/biztositas\/#primaryimage","url":"https:\/\/realhelp.hu\/wp-content\/uploads\/2022\/04\/13-150x150.png","contentUrl":"https:\/\/realhelp.hu\/wp-content\/uploads\/2022\/04\/13-150x150.png"},{"@type":"BreadcrumbList","@id":"https:\/\/realhelp.hu\/biztositas\/#breadcrumb","itemListElement":[{"@type":"ListItem","position":1,"name":"Kezd\u0151lap","item":"https:\/\/realhelp.hu\/"},{"@type":"ListItem","position":2,"name":"Biztos\u00edt\u00e1s"}]},{"@type":"WebSite","@id":"https:\/\/realhelp.hu\/#website","url":"https:\/\/realhelp.hu\/","name":"Realhelp","description":"Lak\u00e1skezel\u00e9s fels\u0151fokon","publisher":{"@id":"https:\/\/realhelp.hu\/#organization"},"potentialAction":[{"@type":"SearchAction","target":{"@type":"EntryPoint","urlTemplate":"https:\/\/realhelp.hu\/?s={search_term_string}"},"query-input":{"@type":"PropertyValueSpecification","valueRequired":true,"valueName":"search_term_string"}}],"inLanguage":"en-GB"},{"@type":"Organization","@id":"https:\/\/realhelp.hu\/#organization","name":"Realhelp","url":"https:\/\/realhelp.hu\/","logo":{"@type":"ImageObject","inLanguage":"en-GB","@id":"https:\/\/realhelp.hu\/#\/schema\/logo\/image\/","url":"https:\/\/realhelp.hu\/wp-content\/uploads\/2022\/04\/RealHelp_logo_Horizontal_BWinvers_opt.png","contentUrl":"https:\/\/realhelp.hu\/wp-content\/uploads\/2022\/04\/RealHelp_logo_Horizontal_BWinvers_opt.png","width":307,"height":103,"caption":"Realhelp"},"image":{"@id":"https:\/\/realhelp.hu\/#\/schema\/logo\/image\/"}}]}},"_links":{"self":[{"href":"https:\/\/realhelp.hu\/en\/wp-json\/wp\/v2\/pages\/1334","targetHints":{"allow":["GET"]}}],"collection":[{"href":"https:\/\/realhelp.hu\/en\/wp-json\/wp\/v2\/pages"}],"about":[{"href":"https:\/\/realhelp.hu\/en\/wp-json\/wp\/v2\/types\/page"}],"author":[{"embeddable":true,"href":"https:\/\/realhelp.hu\/en\/wp-json\/wp\/v2\/users\/1"}],"replies":[{"embeddable":true,"href":"https:\/\/realhelp.hu\/en\/wp-json\/wp\/v2\/comments?post=1334"}],"version-history":[{"count":0,"href":"https:\/\/realhelp.hu\/en\/wp-json\/wp\/v2\/pages\/1334\/revisions"}],"wp:attachment":[{"href":"https:\/\/realhelp.hu\/en\/wp-json\/wp\/v2\/media?parent=1334"}],"curies":[{"name":"wp","href":"https:\/\/api.w.org\/{rel}","templated":true}]}}